
{"id":20793,"date":"2023-03-07T15:14:09","date_gmt":"2023-03-07T14:14:09","guid":{"rendered":"http:\/\/hojfltm.cluster031.hosting.ovh.net\/?page_id=20793"},"modified":"2023-05-15T17:05:25","modified_gmt":"2023-05-15T15:05:25","slug":"projets-futurs","status":"publish","type":"page","link":"https:\/\/amisnotredamedebeauvoir.com\/index.php\/projets-futurs\/","title":{"rendered":"Projets futurs"},"content":{"rendered":"<p>[vc_row content_width=\u00a0\u00bbgrid\u00a0\u00bb css=\u00a0\u00bb.vc_custom_1491569179737{padding-bottom: 90px !important;}\u00a0\u00bb][vc_column offset=\u00a0\u00bbvc_col-lg-6 vc_col-md-6 vc_col-xs-12&Prime;][vc_single_image image=\u00a0\u00bb20796&Prime; img_size=\u00a0\u00bbfull\u00a0\u00bb][vc_empty_space height=\u00a0\u00bb35px\u00a0\u00bb][vc_column_text]<\/p>\n<h6>Concert des polyphonies corses, dans l&rsquo;\u00e9glise Saint Jean-Baptiste de Beaumont<\/h6>\n<p>[\/vc_column_text][\/vc_column][vc_column offset=\u00a0\u00bbvc_col-lg-6 vc_col-md-6 vc_col-xs-12&Prime;]<div class=\"edgtf-elements-holder edgtf-responsive-mode-768\" ><div class=\"edgtf-elements-holder-item \" data-item-class=\"edgtf-elements-holder-custom-218388\" data-1280-1600=\"2% 7% 2% 5%\" data-1024-1280=\"2% 7% 2% 5%\" data-768-1024=\"2% 0% 2% 3%\" data-600-768=\"5% 0% 1% 0%\" >\n\t\t<div class=\"edgtf-elements-holder-item-inner\">\n\t\t<div class=\"edgtf-elements-holder-item-content edgtf-elements-holder-custom-218388\" style=\"padding: 2% 7% 2% 5%\">\n\t\t\t[vc_column_text]<\/p>\n<h3>Projets culturels, p\u00e9dagogiques, touristiques et cultuels.<\/h3>\n<p>[\/vc_column_text][vc_empty_space height=\u00a0\u00bb35px\u00a0\u00bb][vc_column_text]L\u2019int\u00e9r\u00eat exceptionnel de ses fresques murales romanes, par leur anciennet\u00e9 et leur raret\u00e9, feront entrer de la chapelle Notre-Dame de Beauvoir dans les lieux les plus remarquables de notre r\u00e9gion.<br \/>\nLa mise en valeur des fresques et l\u2019am\u00e9nagement d\u2019un espace d\u2019exposition feront que ce nouveau site patrimonial pourra accueillir des \u00e9v\u00e9nements culturels \u00e0 sa hauteur : concerts, conf\u00e9rences, expositions. La culture trouvera ainsi un nouvel \u00e9crin pour s\u2019exposer.<\/p>\n<p>D\u2019un point de vue touristique, Notre-Dame de Beauvoir pourra s\u2019inscrire dans des circuits de d\u00e9couverte de chapelles en Provence. Un lien tr\u00e8s proche pourra se faire avec le sanctuaire de saint Eucher, ermite \u00e0 Beaumont de Pertuis au V\u00e8 si\u00e8cle et futur \u00e9v\u00eaque de Lyon. La chapelle sera un passage oblig\u00e9 dans de nombreux circuits de d\u00e9couverte existants ou \u00e0 cr\u00e9er.<\/p>\n<p>Enfin, ce lieu charg\u00e9 d\u2019histoire sera partag\u00e9 par tous et particuli\u00e8rement par les enfants \u00e0 travers la mise en place d\u2019un projet p\u00e9dagogique. R\u00e9alis\u00e9 en association avec l\u2019\u00e9cole de Beaumont de Pertuis, il m\u00e8nera les enfants vers une sensibilisation aux tr\u00e9sors qui les entourent et \u00e0 la n\u00e9cessit\u00e9 de leur sauvegarde.<\/p>\n<p>Toutes ces actions seront men\u00e9es en commun avec des historiens, sp\u00e9cialistes de l\u2019art m\u00e9di\u00e9val et autres instances culturelles et cultuelles.[\/vc_column_text][vc_empty_space height=\u00a0\u00bb35px\u00a0\u00bb][vc_empty_space height=\u00a0\u00bb35px\u00a0\u00bb]\t\t<\/div>\n\t<\/div>\n\t<\/div><\/div>[\/vc_column][\/vc_row]<\/p>\n","protected":false},"excerpt":{"rendered":"<p>[vc_row content_width=\u00a0\u00bbgrid\u00a0\u00bb css=\u00a0\u00bb.vc_custom_1491569179737{padding-bottom: 90px !important;}\u00a0\u00bb][vc_column offset=\u00a0\u00bbvc_col-lg-6 vc_col-md-6 vc_col-xs-12&Prime;][vc_single_image image=\u00a0\u00bb20796&Prime; img_size=\u00a0\u00bbfull\u00a0\u00bb][vc_empty_space height=\u00a0\u00bb35px\u00a0\u00bb][vc_column_text] Concert des polyphonies corses, dans l&rsquo;\u00e9glise Saint Jean-Baptiste de Beaumont [\/vc_column_text][\/vc_column][vc_column offset=\u00a0\u00bbvc_col-lg-6 vc_col-md-6 vc_col-xs-12&Prime;][\/vc_column][\/vc_row]<\/p>\n","protected":false},"author":1,"featured_media":0,"parent":0,"menu_order":0,"comment_status":"closed","ping_status":"closed","template":"","meta":[],"_links":{"self":[{"href":"https:\/\/amisnotredamedebeauvoir.com\/index.php\/wp-json\/wp\/v2\/pages\/20793"}],"collection":[{"href":"https:\/\/amisnotredamedebeauvoir.com\/index.php\/wp-json\/wp\/v2\/pages"}],"about":[{"href":"https:\/\/amisnotredamedebeauvoir.com\/index.php\/wp-json\/wp\/v2\/types\/page"}],"author":[{"embeddable":true,"href":"https:\/\/amisnotredamedebeauvoir.com\/index.php\/wp-json\/wp\/v2\/users\/1"}],"replies":[{"embeddable":true,"href":"https:\/\/amisnotredamedebeauvoir.com\/index.php\/wp-json\/wp\/v2\/comments?post=20793"}],"version-history":[{"count":13,"href":"https:\/\/amisnotredamedebeauvoir.com\/index.php\/wp-json\/wp\/v2\/pages\/20793\/revisions"}],"predecessor-version":[{"id":20795,"href":"https:\/\/amisnotredamedebeauvoir.com\/index.php\/wp-json\/wp\/v2\/pages\/20793\/revisions\/20795"}],"wp:attachment":[{"href":"https:\/\/amisnotredamedebeauvoir.com\/index.php\/wp-json\/wp\/v2\/media?parent=20793"}],"curies":[{"name":"wp","href":"https:\/\/api.w.org\/{rel}","templated":true}]}}