
{"id":20766,"date":"2023-03-04T09:23:51","date_gmt":"2023-03-04T08:23:51","guid":{"rendered":"http:\/\/hojfltm.cluster031.hosting.ovh.net\/?page_id=20766"},"modified":"2025-12-22T10:42:51","modified_gmt":"2025-12-22T09:42:51","slug":"notre-marraine","status":"publish","type":"page","link":"https:\/\/amisnotredamedebeauvoir.com\/index.php\/notre-marraine\/","title":{"rendered":"Notre marraine"},"content":{"rendered":"<p>[vc_row content_width=\u00a0\u00bbgrid\u00a0\u00bb css=\u00a0\u00bb.vc_custom_1491569179737{padding-bottom: 90px !important;}\u00a0\u00bb][vc_column offset=\u00a0\u00bbvc_col-lg-6 vc_col-md-6 vc_col-xs-12&Prime;][vc_single_image image=\u00a0\u00bb20767&Prime; img_size=\u00a0\u00bbfull\u00a0\u00bb][vc_empty_space height=\u00a0\u00bb35px\u00a0\u00bb][vc_column_text]Carole Gaessler avait d\u00e9j\u00e0 repris le flambeau de Jean-Pierre Pernaut, comme marraine du Patrimoine de Pays et des Moulins qui f\u00eatera en 2023 ses 25 ans.[\/vc_column_text][\/vc_column][vc_column offset=\u00a0\u00bbvc_col-lg-6 vc_col-md-6 vc_col-xs-12&Prime;]<div class=\"edgtf-elements-holder edgtf-responsive-mode-768\" ><div class=\"edgtf-elements-holder-item \" data-item-class=\"edgtf-elements-holder-custom-627181\" data-1280-1600=\"2% 7% 2% 5%\" data-1024-1280=\"2% 7% 2% 5%\" data-768-1024=\"2% 0% 2% 3%\" data-600-768=\"5% 0% 1% 0%\" >\n\t\t<div class=\"edgtf-elements-holder-item-inner\">\n\t\t<div class=\"edgtf-elements-holder-item-content edgtf-elements-holder-custom-627181\" style=\"padding: 2% 7% 2% 5%\">\n\t\t\t[vc_column_text]<\/p>\n<h2>Carole Gaessler<\/h2>\n<p>[\/vc_column_text][vc_column_text]Pr\u00e9sentatrice de t\u00e9l\u00e9vision et journaliste.[\/vc_column_text][vc_empty_space height=\u00a0\u00bb35px\u00a0\u00bb][vc_column_text]<em>La chapelle Notre-Dame de Beauvoir fait partie de ce patrimoine local qui raconte l&rsquo;histoire d&rsquo;un territoire et de ses habitants. J&rsquo;ai pu mesurer l&rsquo;attachement des Beaumontais \u00e0 leur chapelle. Pour les plus anciens, elle est attach\u00e9e \u00e0 un souvenir personnel. La d\u00e9couverte fortuite de fresques du XII\u00e8 siecle a ajout\u00e9 un int\u00e9r\u00eat historique. L&rsquo;enjeu est maintenant de restaurer ces peintures pour les rendre accessibles \u00e0 tous. L&rsquo;association en a fait son combat. Je suis \u00e0 leur cot\u00e9.<\/em>[\/vc_column_text][vc_empty_space height=\u00a0\u00bb35px\u00a0\u00bb]\t\t<\/div>\n\t<\/div>\n\t<\/div><\/div>[\/vc_column][\/vc_row] Sur <a href=\"https:\/\/www.bing.com\/ck\/a?!&amp;&amp;p=a31c2c844ea560c6cd693543913f325607a1e776050703e3a9e1f76171ef73ddJmltdHM9MTc2NTY3MDQwMA&amp;ptn=3&amp;ver=2&amp;hsh=4&amp;fclid=0d6b706e-eeac-6929-0ff8-65f6efeb6824&amp;psq=fondation+du+patrimoine+radio+classique+carole+gaessler+youtube&amp;u=a1aHR0cHM6Ly93d3cuZmFjZWJvb2suY29tL2ZvbmRhdGlvbmR1cGF0cmltb2luZS92aWRlb3MvY2Fyb2xlLWdhZXNzbGVyLW5vdXMtcGFybGUtZGUtc29uLWNvdXAtZGUtYyVDNSU5M3VyLXBhdHJpbW9pbmUvMTU1NzQ4MTYyMTkyNjE4Mi8\">Facebook<\/a><\/p>\n<p>&nbsp;<\/p>\n","protected":false},"excerpt":{"rendered":"<p>[vc_row content_width=\u00a0\u00bbgrid\u00a0\u00bb css=\u00a0\u00bb.vc_custom_1491569179737{padding-bottom: 90px !important;}\u00a0\u00bb][vc_column offset=\u00a0\u00bbvc_col-lg-6 vc_col-md-6 vc_col-xs-12&Prime;][vc_single_image image=\u00a0\u00bb20767&Prime; img_size=\u00a0\u00bbfull\u00a0\u00bb][vc_empty_space height=\u00a0\u00bb35px\u00a0\u00bb][vc_column_text]Carole Gaessler avait d\u00e9j\u00e0 repris le flambeau de Jean-Pierre Pernaut, comme marraine du Patrimoine de Pays et des Moulins qui f\u00eatera en 2023 ses 25 ans.[\/vc_column_text][\/vc_column][vc_column offset=\u00a0\u00bbvc_col-lg-6 vc_col-md-6 vc_col-xs-12&Prime;][\/vc_column][\/vc_row] Sur Facebook &nbsp;<\/p>\n","protected":false},"author":1,"featured_media":0,"parent":0,"menu_order":0,"comment_status":"closed","ping_status":"closed","template":"","meta":[],"_links":{"self":[{"href":"https:\/\/amisnotredamedebeauvoir.com\/index.php\/wp-json\/wp\/v2\/pages\/20766"}],"collection":[{"href":"https:\/\/amisnotredamedebeauvoir.com\/index.php\/wp-json\/wp\/v2\/pages"}],"about":[{"href":"https:\/\/amisnotredamedebeauvoir.com\/index.php\/wp-json\/wp\/v2\/types\/page"}],"author":[{"embeddable":true,"href":"https:\/\/amisnotredamedebeauvoir.com\/index.php\/wp-json\/wp\/v2\/users\/1"}],"replies":[{"embeddable":true,"href":"https:\/\/amisnotredamedebeauvoir.com\/index.php\/wp-json\/wp\/v2\/comments?post=20766"}],"version-history":[{"count":13,"href":"https:\/\/amisnotredamedebeauvoir.com\/index.php\/wp-json\/wp\/v2\/pages\/20766\/revisions"}],"predecessor-version":[{"id":22675,"href":"https:\/\/amisnotredamedebeauvoir.com\/index.php\/wp-json\/wp\/v2\/pages\/20766\/revisions\/22675"}],"wp:attachment":[{"href":"https:\/\/amisnotredamedebeauvoir.com\/index.php\/wp-json\/wp\/v2\/media?parent=20766"}],"curies":[{"name":"wp","href":"https:\/\/api.w.org\/{rel}","templated":true}]}}