
{"id":20645,"date":"2023-03-01T14:33:19","date_gmt":"2023-03-01T13:33:19","guid":{"rendered":"http:\/\/hojfltm.cluster031.hosting.ovh.net\/?page_id=20645"},"modified":"2023-05-15T17:01:39","modified_gmt":"2023-05-15T15:01:39","slug":"diagnostic","status":"publish","type":"page","link":"https:\/\/amisnotredamedebeauvoir.com\/index.php\/diagnostic\/","title":{"rendered":"Diagnostic technique"},"content":{"rendered":"<p>[vc_row content_width=\u00a0\u00bbgrid\u00a0\u00bb css=\u00a0\u00bb.vc_custom_1491569179737{padding-bottom: 90px !important;}\u00a0\u00bb][vc_column offset=\u00a0\u00bbvc_col-lg-6 vc_col-md-6 vc_col-xs-12&Prime;][vc_single_image image=\u00a0\u00bb20647&Prime; img_size=\u00a0\u00bbfull\u00a0\u00bb][vc_empty_space height=\u00a0\u00bb35px\u00a0\u00bb][vc_column_text]<\/p>\n<h3>La soci\u00e9t\u00e9 Sinopia pour l\u2019analyse des d\u00e9cors peints<\/h3>\n<p>[\/vc_column_text][vc_empty_space height=\u00a0\u00bb35px\u00a0\u00bb][vc_column_text]Le travail d\u2019Antoinette Sinigaglia et de son \u00e9quipe a permis de faire le diagnostic des peintures murales en vue d\u2019\u00e9tablir un protocole de restauration.<br \/>\nEn plus de l\u2019observation directe, le travail photographique de C\u00e9cile Loa associ\u00e9e au projet, fut essentiel. Des prises de vue de tous les d\u00e9tails de la fresque actuellement visibles ont \u00e9t\u00e9 effectu\u00e9s avec diff\u00e9rents \u00e9clairages (frontaux et sur les deux axes lat\u00e9raux) afin de faire ressortir les reliefs form\u00e9s par les diff\u00e9rentes couches d\u2019enduit et de peinture. Ces photographies permettent la mise en valeur des couleurs utilis\u00e9es et parfois de d\u00e9couvrir le geste du peintre.<br \/>\nS\u00e9bastien Aze, expert scientifique de Sinopia r\u00e9alisa des sondages pour comprendre la chronologie des diff\u00e9rentes couches picturales. Un suivie climatique et une humidim\u00e8trie orienteront les protocoles de restauration.<br \/>\nL\u2019expert r\u00e9alisa \u00e9galement des tests de nettoyage au laser, technique performante pour les couches picturales tr\u00e8s fines.[\/vc_column_text][\/vc_column][vc_column offset=\u00a0\u00bbvc_col-lg-6 vc_col-md-6 vc_col-xs-12&Prime;]<div class=\"edgtf-elements-holder edgtf-responsive-mode-768\" ><div class=\"edgtf-elements-holder-item \" data-item-class=\"edgtf-elements-holder-custom-690960\" data-1280-1600=\"2% 7% 2% 5%\" data-1024-1280=\"2% 7% 2% 5%\" data-768-1024=\"2% 0% 2% 3%\" data-600-768=\"5% 0% 1% 0%\" >\n\t\t<div class=\"edgtf-elements-holder-item-inner\">\n\t\t<div class=\"edgtf-elements-holder-item-content edgtf-elements-holder-custom-690960\" style=\"padding: 2% 7% 2% 5%\">\n\t\t\t[vc_column_text]<\/p>\n<h2>L\u2019agence Fabrica Traceorum pour l\u2019architecture<\/h2>\n<p>[\/vc_column_text][vc_empty_space height=\u00a0\u00bb35px\u00a0\u00bb][vc_column_text]Le diagnostic technique architectural de la chapelle est r\u00e9alis\u00e9 en 2022 par l\u2019architecte \u00c9velyne Maurras.[\/vc_column_text][vc_empty_space height=\u00a0\u00bb35px\u00a0\u00bb][vc_column_text]Gr\u00e2ce \u00e0 un travail photographique r\u00e9alis\u00e9 par G\u00e9rard Roucaute en 1969, elle a pu faire certains constats. Ainsi, la chapelle sud fut un temps ferm\u00e9e et devait servir de sacristie. Dans celle-ci, une ancienne porte donnant \u00e0 l\u2019ext\u00e9rieur n\u2019est plus aujourd\u2019hui qu\u2019une fen\u00eatre.<br \/>\nElle note deux fissures dans l\u2019arc triomphal, peut-\u00eatre dues \u00e0 un tassement du clocher. Dans la chapelle nord, elle constate qu\u2019une crypte a \u00e9t\u00e9 vandalis\u00e9e. Tandis que la chapelle sud est en bon \u00e9tat.<br \/>\nLa pierre de forme carr\u00e9e qui surplombe l\u2019entr\u00e9e devait supporter une croix. Et les quatre trous situ\u00e9s de part et d\u2019autre de la porte en bois soutenait vraisemblablement un porche. La porte principale compos\u00e9e d\u2019une imposte en demi-lune est en bon \u00e9tat.<br \/>\nSur les fa\u00e7ades, on compte neuf ouvertures modestes : fen\u00eatres, baies, oculus avec de simples menuiseries, voire de simples vitrages scell\u00e9s dans la paroi.<br \/>\nLes ma\u00e7onneries de la chapelle apparaissent en bon \u00e9tat apparent, hormis deux d\u00e9sordres : une fracture sur la paroi nord et un d\u00e9versement au nord \u00e9galement s\u00fbrement li\u00e9s \u00e0 la cr\u00e9ation de la route au d\u00e9but du XIX\u00e8 si\u00e8cle.<br \/>\nCharpente et couverture ont \u00e9t\u00e9 restaur\u00e9 dans les ann\u00e9es 1979-1980. \u00c0 l\u2019ext\u00e9rieur, une g\u00e9noise \u00e0 trois rangs termine une couverture en tuile canal. Nombre d\u2019entre elles sont cass\u00e9es.[\/vc_column_text][vc_empty_space height=\u00a0\u00bb35px\u00a0\u00bb]\t\t<\/div>\n\t<\/div>\n\t<\/div><\/div>[\/vc_column][\/vc_row][vc_row css=\u00a0\u00bb.vc_custom_1492608315246{margin-bottom: -37px !important;background-color: #f6f4ee !important;}\u00a0\u00bb][vc_column][vc_row_inner content_width=\u00a0\u00bbgrid\u00a0\u00bb css=\u00a0\u00bb.vc_custom_1491569190905{padding-top: 100px !important;padding-bottom: 100px !important;}\u00a0\u00bb][vc_column_inner]<div class=\"edgtf-image-gallery\">\n\t<div class=\"edgtf-image-gallery-grid edgtf-gallery-columns-4 \" >\n\t\t\t\t\t<div class=\"edgtf-gallery-image\">\n\t\t\t\t\t\t\t\t<a itemprop=\"url\" href=\"https:\/\/amisnotredamedebeauvoir.com\/wp-content\/uploads\/2023\/03\/IMG_20221116_152935_resized_20221121_062302318.jpg\" data-rel=\"prettyPhoto[single_pretty_photo]\" title=\"G\u00e9noise \u00e0 3 rangs\">\n\t\t\t\t\t\t\t\t\t\t\t\t\t\t\t\t<img width=\"2048\" height=\"1554\" src=\"https:\/\/amisnotredamedebeauvoir.com\/wp-content\/uploads\/2023\/03\/IMG_20221116_152935_resized_20221121_062302318.jpg\" class=\"attachment-full size-full\" alt=\"\" decoding=\"async\" loading=\"lazy\" srcset=\"https:\/\/amisnotredamedebeauvoir.com\/wp-content\/uploads\/2023\/03\/IMG_20221116_152935_resized_20221121_062302318.jpg 2048w, https:\/\/amisnotredamedebeauvoir.com\/wp-content\/uploads\/2023\/03\/IMG_20221116_152935_resized_20221121_062302318-300x228.jpg 300w, https:\/\/amisnotredamedebeauvoir.com\/wp-content\/uploads\/2023\/03\/IMG_20221116_152935_resized_20221121_062302318-1024x777.jpg 1024w, https:\/\/amisnotredamedebeauvoir.com\/wp-content\/uploads\/2023\/03\/IMG_20221116_152935_resized_20221121_062302318-768x583.jpg 768w, https:\/\/amisnotredamedebeauvoir.com\/wp-content\/uploads\/2023\/03\/IMG_20221116_152935_resized_20221121_062302318-1536x1166.jpg 1536w, https:\/\/amisnotredamedebeauvoir.com\/wp-content\/uploads\/2023\/03\/IMG_20221116_152935_resized_20221121_062302318-600x455.jpg 600w\" sizes=\"(max-width: 2048px) 100vw, 2048px\" \/>\t\t\t\t\t\t\t\t\t\t\t\t\t\t<\/a>\n\t\t\t\t\t\t<\/div>\n\t\t\t\t\t<div class=\"edgtf-gallery-image\">\n\t\t\t\t\t\t\t\t<a itemprop=\"url\" href=\"https:\/\/amisnotredamedebeauvoir.com\/wp-content\/uploads\/2023\/03\/Photo_Chapelle_6.jpg\" data-rel=\"prettyPhoto[single_pretty_photo]\" title=\"Porte avec imposte en demi-lune\">\n\t\t\t\t\t\t\t\t\t\t\t\t\t\t\t\t<img width=\"1554\" height=\"2048\" src=\"https:\/\/amisnotredamedebeauvoir.com\/wp-content\/uploads\/2023\/03\/Photo_Chapelle_6.jpg\" class=\"attachment-full size-full\" alt=\"\" decoding=\"async\" loading=\"lazy\" srcset=\"https:\/\/amisnotredamedebeauvoir.com\/wp-content\/uploads\/2023\/03\/Photo_Chapelle_6.jpg 1554w, https:\/\/amisnotredamedebeauvoir.com\/wp-content\/uploads\/2023\/03\/Photo_Chapelle_6-228x300.jpg 228w, https:\/\/amisnotredamedebeauvoir.com\/wp-content\/uploads\/2023\/03\/Photo_Chapelle_6-777x1024.jpg 777w, https:\/\/amisnotredamedebeauvoir.com\/wp-content\/uploads\/2023\/03\/Photo_Chapelle_6-768x1012.jpg 768w, https:\/\/amisnotredamedebeauvoir.com\/wp-content\/uploads\/2023\/03\/Photo_Chapelle_6-1166x1536.jpg 1166w, https:\/\/amisnotredamedebeauvoir.com\/wp-content\/uploads\/2023\/03\/Photo_Chapelle_6-600x791.jpg 600w\" sizes=\"(max-width: 1554px) 100vw, 1554px\" \/>\t\t\t\t\t\t\t\t\t\t\t\t\t\t<\/a>\n\t\t\t\t\t\t<\/div>\n\t\t\t\t\t<div class=\"edgtf-gallery-image\">\n\t\t\t\t\t\t\t\t<a itemprop=\"url\" href=\"https:\/\/amisnotredamedebeauvoir.com\/wp-content\/uploads\/2023\/03\/BDP_Nef_EL_S_T2_05-2.jpg\" data-rel=\"prettyPhoto[single_pretty_photo]\" title=\"Chapelle sud\">\n\t\t\t\t\t\t\t\t\t\t\t\t\t\t\t\t<img width=\"2048\" height=\"1554\" src=\"https:\/\/amisnotredamedebeauvoir.com\/wp-content\/uploads\/2023\/03\/BDP_Nef_EL_S_T2_05-2.jpg\" class=\"attachment-full size-full\" alt=\"\" decoding=\"async\" loading=\"lazy\" srcset=\"https:\/\/amisnotredamedebeauvoir.com\/wp-content\/uploads\/2023\/03\/BDP_Nef_EL_S_T2_05-2.jpg 2048w, https:\/\/amisnotredamedebeauvoir.com\/wp-content\/uploads\/2023\/03\/BDP_Nef_EL_S_T2_05-2-300x228.jpg 300w, https:\/\/amisnotredamedebeauvoir.com\/wp-content\/uploads\/2023\/03\/BDP_Nef_EL_S_T2_05-2-1024x777.jpg 1024w, https:\/\/amisnotredamedebeauvoir.com\/wp-content\/uploads\/2023\/03\/BDP_Nef_EL_S_T2_05-2-768x583.jpg 768w, https:\/\/amisnotredamedebeauvoir.com\/wp-content\/uploads\/2023\/03\/BDP_Nef_EL_S_T2_05-2-1536x1166.jpg 1536w, https:\/\/amisnotredamedebeauvoir.com\/wp-content\/uploads\/2023\/03\/BDP_Nef_EL_S_T2_05-2-600x455.jpg 600w\" sizes=\"(max-width: 2048px) 100vw, 2048px\" \/>\t\t\t\t\t\t\t\t\t\t\t\t\t\t<\/a>\n\t\t\t\t\t\t<\/div>\n\t\t\t\t\t<div class=\"edgtf-gallery-image\">\n\t\t\t\t\t\t\t\t<a itemprop=\"url\" href=\"https:\/\/amisnotredamedebeauvoir.com\/wp-content\/uploads\/2023\/03\/BDP_AT_01.jpg\" data-rel=\"prettyPhoto[single_pretty_photo]\" title=\"L&rsquo;arc triomphal\">\n\t\t\t\t\t\t\t\t\t\t\t\t\t\t\t\t<img width=\"1554\" height=\"2048\" src=\"https:\/\/amisnotredamedebeauvoir.com\/wp-content\/uploads\/2023\/03\/BDP_AT_01.jpg\" class=\"attachment-full size-full\" alt=\"\" decoding=\"async\" loading=\"lazy\" srcset=\"https:\/\/amisnotredamedebeauvoir.com\/wp-content\/uploads\/2023\/03\/BDP_AT_01.jpg 1554w, https:\/\/amisnotredamedebeauvoir.com\/wp-content\/uploads\/2023\/03\/BDP_AT_01-228x300.jpg 228w, https:\/\/amisnotredamedebeauvoir.com\/wp-content\/uploads\/2023\/03\/BDP_AT_01-777x1024.jpg 777w, https:\/\/amisnotredamedebeauvoir.com\/wp-content\/uploads\/2023\/03\/BDP_AT_01-768x1012.jpg 768w, https:\/\/amisnotredamedebeauvoir.com\/wp-content\/uploads\/2023\/03\/BDP_AT_01-1166x1536.jpg 1166w, https:\/\/amisnotredamedebeauvoir.com\/wp-content\/uploads\/2023\/03\/BDP_AT_01-600x791.jpg 600w\" sizes=\"(max-width: 1554px) 100vw, 1554px\" \/>\t\t\t\t\t\t\t\t\t\t\t\t\t\t<\/a>\n\t\t\t\t\t\t<\/div>\n\t\t\t<\/div>\n<\/div>[\/vc_column_inner][\/vc_row_inner][vc_row_inner content_width=\u00a0\u00bbgrid\u00a0\u00bb css=\u00a0\u00bb.vc_custom_1491569190905{padding-top: 100px !important;padding-bottom: 100px !important;}\u00a0\u00bb][vc_column_inner]<div class=\"edgtf-image-gallery\">\n\t<div class=\"edgtf-image-gallery-grid edgtf-gallery-columns-4 \" >\n\t\t\t\t\t<div class=\"edgtf-gallery-image\">\n\t\t\t\t\t\t\t\t<a itemprop=\"url\" href=\"https:\/\/amisnotredamedebeauvoir.com\/wp-content\/uploads\/2023\/03\/DSC0320-scaled.jpg\" data-rel=\"prettyPhoto[single_pretty_photo]\" title=\"Antoinette Finigaglia et son \u00e9quipe\">\n\t\t\t\t\t\t\t\t\t\t\t\t\t\t\t\t<img width=\"2560\" height=\"1943\" src=\"https:\/\/amisnotredamedebeauvoir.com\/wp-content\/uploads\/2023\/03\/DSC0320-scaled.jpg\" class=\"attachment-full size-full\" alt=\"\" decoding=\"async\" loading=\"lazy\" srcset=\"https:\/\/amisnotredamedebeauvoir.com\/wp-content\/uploads\/2023\/03\/DSC0320-scaled.jpg 2560w, https:\/\/amisnotredamedebeauvoir.com\/wp-content\/uploads\/2023\/03\/DSC0320-300x228.jpg 300w, https:\/\/amisnotredamedebeauvoir.com\/wp-content\/uploads\/2023\/03\/DSC0320-1024x777.jpg 1024w, https:\/\/amisnotredamedebeauvoir.com\/wp-content\/uploads\/2023\/03\/DSC0320-768x583.jpg 768w, https:\/\/amisnotredamedebeauvoir.com\/wp-content\/uploads\/2023\/03\/DSC0320-1536x1166.jpg 1536w, https:\/\/amisnotredamedebeauvoir.com\/wp-content\/uploads\/2023\/03\/DSC0320-600x455.jpg 600w\" sizes=\"(max-width: 2560px) 100vw, 2560px\" \/>\t\t\t\t\t\t\t\t\t\t\t\t\t\t<\/a>\n\t\t\t\t\t\t<\/div>\n\t\t\t\t\t<div class=\"edgtf-gallery-image\">\n\t\t\t\t\t\t\t\t<a itemprop=\"url\" href=\"https:\/\/amisnotredamedebeauvoir.com\/wp-content\/uploads\/2023\/03\/DSC0351-scaled.jpg\" data-rel=\"prettyPhoto[single_pretty_photo]\" title=\"Test\">\n\t\t\t\t\t\t\t\t\t\t\t\t\t\t\t\t<img width=\"2560\" height=\"1943\" src=\"https:\/\/amisnotredamedebeauvoir.com\/wp-content\/uploads\/2023\/03\/DSC0351-scaled.jpg\" class=\"attachment-full size-full\" alt=\"\" decoding=\"async\" loading=\"lazy\" srcset=\"https:\/\/amisnotredamedebeauvoir.com\/wp-content\/uploads\/2023\/03\/DSC0351-scaled.jpg 2560w, https:\/\/amisnotredamedebeauvoir.com\/wp-content\/uploads\/2023\/03\/DSC0351-300x228.jpg 300w, https:\/\/amisnotredamedebeauvoir.com\/wp-content\/uploads\/2023\/03\/DSC0351-1024x777.jpg 1024w, https:\/\/amisnotredamedebeauvoir.com\/wp-content\/uploads\/2023\/03\/DSC0351-768x583.jpg 768w, https:\/\/amisnotredamedebeauvoir.com\/wp-content\/uploads\/2023\/03\/DSC0351-1536x1166.jpg 1536w, https:\/\/amisnotredamedebeauvoir.com\/wp-content\/uploads\/2023\/03\/DSC0351-600x455.jpg 600w\" sizes=\"(max-width: 2560px) 100vw, 2560px\" \/>\t\t\t\t\t\t\t\t\t\t\t\t\t\t<\/a>\n\t\t\t\t\t\t<\/div>\n\t\t\t\t\t<div class=\"edgtf-gallery-image\">\n\t\t\t\t\t\t\t\t<a itemprop=\"url\" href=\"https:\/\/amisnotredamedebeauvoir.com\/wp-content\/uploads\/2023\/03\/DSC1744-scaled.jpg\" data-rel=\"prettyPhoto[single_pretty_photo]\" title=\"C\u00e9cile Guys photographie les fresques\">\n\t\t\t\t\t\t\t\t\t\t\t\t\t\t\t\t<img width=\"2560\" height=\"1943\" src=\"https:\/\/amisnotredamedebeauvoir.com\/wp-content\/uploads\/2023\/03\/DSC1744-scaled.jpg\" class=\"attachment-full size-full\" alt=\"\" decoding=\"async\" loading=\"lazy\" srcset=\"https:\/\/amisnotredamedebeauvoir.com\/wp-content\/uploads\/2023\/03\/DSC1744-scaled.jpg 2560w, https:\/\/amisnotredamedebeauvoir.com\/wp-content\/uploads\/2023\/03\/DSC1744-300x228.jpg 300w, https:\/\/amisnotredamedebeauvoir.com\/wp-content\/uploads\/2023\/03\/DSC1744-1024x777.jpg 1024w, https:\/\/amisnotredamedebeauvoir.com\/wp-content\/uploads\/2023\/03\/DSC1744-768x583.jpg 768w, https:\/\/amisnotredamedebeauvoir.com\/wp-content\/uploads\/2023\/03\/DSC1744-1536x1166.jpg 1536w, https:\/\/amisnotredamedebeauvoir.com\/wp-content\/uploads\/2023\/03\/DSC1744-600x455.jpg 600w\" sizes=\"(max-width: 2560px) 100vw, 2560px\" \/>\t\t\t\t\t\t\t\t\t\t\t\t\t\t<\/a>\n\t\t\t\t\t\t<\/div>\n\t\t\t\t\t<div class=\"edgtf-gallery-image\">\n\t\t\t\t\t\t\t\t<a itemprop=\"url\" href=\"https:\/\/amisnotredamedebeauvoir.com\/wp-content\/uploads\/2023\/03\/DSC0389-3-scaled.jpg\" data-rel=\"prettyPhoto[single_pretty_photo]\" title=\"_DSC0389-3\">\n\t\t\t\t\t\t\t\t\t\t\t\t\t\t\t\t<img width=\"2560\" height=\"1943\" src=\"https:\/\/amisnotredamedebeauvoir.com\/wp-content\/uploads\/2023\/03\/DSC0389-3-scaled.jpg\" class=\"attachment-full size-full\" alt=\"\" decoding=\"async\" loading=\"lazy\" srcset=\"https:\/\/amisnotredamedebeauvoir.com\/wp-content\/uploads\/2023\/03\/DSC0389-3-scaled.jpg 2560w, https:\/\/amisnotredamedebeauvoir.com\/wp-content\/uploads\/2023\/03\/DSC0389-3-300x228.jpg 300w, https:\/\/amisnotredamedebeauvoir.com\/wp-content\/uploads\/2023\/03\/DSC0389-3-1024x777.jpg 1024w, https:\/\/amisnotredamedebeauvoir.com\/wp-content\/uploads\/2023\/03\/DSC0389-3-768x583.jpg 768w, https:\/\/amisnotredamedebeauvoir.com\/wp-content\/uploads\/2023\/03\/DSC0389-3-1536x1166.jpg 1536w, https:\/\/amisnotredamedebeauvoir.com\/wp-content\/uploads\/2023\/03\/DSC0389-3-600x455.jpg 600w\" sizes=\"(max-width: 2560px) 100vw, 2560px\" \/>\t\t\t\t\t\t\t\t\t\t\t\t\t\t<\/a>\n\t\t\t\t\t\t<\/div>\n\t\t\t<\/div>\n<\/div>[\/vc_column_inner][\/vc_row_inner][\/vc_column][\/vc_row]<\/p>\n","protected":false},"excerpt":{"rendered":"<p>[vc_row content_width=\u00a0\u00bbgrid\u00a0\u00bb css=\u00a0\u00bb.vc_custom_1491569179737{padding-bottom: 90px !important;}\u00a0\u00bb][vc_column offset=\u00a0\u00bbvc_col-lg-6 vc_col-md-6 vc_col-xs-12&Prime;][vc_single_image image=\u00a0\u00bb20647&Prime; img_size=\u00a0\u00bbfull\u00a0\u00bb][vc_empty_space height=\u00a0\u00bb35px\u00a0\u00bb][vc_column_text] La soci\u00e9t\u00e9 Sinopia pour l\u2019analyse des d\u00e9cors peints [\/vc_column_text][vc_empty_space height=\u00a0\u00bb35px\u00a0\u00bb][vc_column_text]Le travail d\u2019Antoinette Sinigaglia et de son \u00e9quipe a permis de faire le diagnostic des peintures murales en vue d\u2019\u00e9tablir un protocole de restauration. En plus de l\u2019observation directe, le travail photographique de C\u00e9cile Loa&#8230;<\/p>\n","protected":false},"author":1,"featured_media":0,"parent":0,"menu_order":0,"comment_status":"closed","ping_status":"closed","template":"","meta":[],"_links":{"self":[{"href":"https:\/\/amisnotredamedebeauvoir.com\/index.php\/wp-json\/wp\/v2\/pages\/20645"}],"collection":[{"href":"https:\/\/amisnotredamedebeauvoir.com\/index.php\/wp-json\/wp\/v2\/pages"}],"about":[{"href":"https:\/\/amisnotredamedebeauvoir.com\/index.php\/wp-json\/wp\/v2\/types\/page"}],"author":[{"embeddable":true,"href":"https:\/\/amisnotredamedebeauvoir.com\/index.php\/wp-json\/wp\/v2\/users\/1"}],"replies":[{"embeddable":true,"href":"https:\/\/amisnotredamedebeauvoir.com\/index.php\/wp-json\/wp\/v2\/comments?post=20645"}],"version-history":[{"count":13,"href":"https:\/\/amisnotredamedebeauvoir.com\/index.php\/wp-json\/wp\/v2\/pages\/20645\/revisions"}],"predecessor-version":[{"id":21316,"href":"https:\/\/amisnotredamedebeauvoir.com\/index.php\/wp-json\/wp\/v2\/pages\/20645\/revisions\/21316"}],"wp:attachment":[{"href":"https:\/\/amisnotredamedebeauvoir.com\/index.php\/wp-json\/wp\/v2\/media?parent=20645"}],"curies":[{"name":"wp","href":"https:\/\/api.w.org\/{rel}","templated":true}]}}