
{"id":20632,"date":"2023-03-01T12:00:00","date_gmt":"2023-03-01T11:00:00","guid":{"rendered":"http:\/\/hojfltm.cluster031.hosting.ovh.net\/?page_id=20632"},"modified":"2023-12-19T09:51:26","modified_gmt":"2023-12-19T08:51:26","slug":"restauration","status":"publish","type":"page","link":"https:\/\/amisnotredamedebeauvoir.com\/index.php\/restauration\/","title":{"rendered":"Restauration"},"content":{"rendered":"<p>[vc_row content_width=\u00a0\u00bbgrid\u00a0\u00bb css=\u00a0\u00bb.vc_custom_1490864332827{padding-bottom: 100px !important;background-image: url(https:\/\/goodwish.qodeinteractive.com\/wp-content\/uploads\/2017\/03\/page-img-about-1.jpg?id=13912) !important;background-position: center !important;background-repeat: no-repeat !important;background-size: cover !important;}\u00a0\u00bb][vc_column offset=\u00a0\u00bbvc_col-lg-4 vc_col-md-12 vc_col-xs-12&Prime;]<div class=\"edgtf-elements-holder edgtf-responsive-mode-768\" ><div class=\"edgtf-elements-holder-item \" data-item-class=\"edgtf-elements-holder-custom-875284\" data-1280-1600=\"2% 2% 2% 2%\" data-1024-1280=\"2% 2% 2% 2%\" data-768-1024=\"2% 2% 2% 2%\" data-600-768=\"2% 2% 2% 2%\" data-480-600=\"2% 2% 2% 2%\" data-480=\"2% 2% 2% 2%\" >\n\t\t<div class=\"edgtf-elements-holder-item-inner\">\n\t\t<div class=\"edgtf-elements-holder-item-content edgtf-elements-holder-custom-875284\" style=\"padding: 2% 2% 2% 2%\">\n\t\t\t<h3 class=\"edgtf-title-with-number\" >\n\t<span class=\"edgtf-twn-number\">01<\/span>Etat des lieux<\/h3>[vc_empty_space height=\u00a0\u00bb35px\u00a0\u00bb][vc_column_text]Gr\u00e2ce \u00e0 la mairie de Beaumont-de-Pertuis et \u00e0 l\u2019association \u00ab Les Amis de Notre-Dame de Beauvoir \u00bb l\u2019aventure reprend son cours en 2021.<br \/>\nL\u2019agence FABRICA TRACEORUM cr\u00e9\u00e9e par l\u2019architecte Corrado de Giuli Morghen et bas\u00e9e \u00e0 Marseille, est choisie pour r\u00e9aliser le diagnostic architectural de la chapelle. Il est r\u00e9alis\u00e9 par l\u2019architecte \u00c9velyne MAURRAS.<br \/>\nPour le diagnostic des d\u00e9cors peints, s\u2019est associ\u00e9e \u00e0 eux la soci\u00e9t\u00e9 SINOPIA situ\u00e9e \u00e0 Aix-en-Provence et dirig\u00e9e par Antoinette Fingaglia, restauratrice et conservatrice.<br \/>\nPour mener \u00e0 bien cette mission, Sinopia s\u2019est appuy\u00e9e sur la premi\u00e8re \u00e9tude r\u00e9alis\u00e9e en 2009 par l\u2019Atelier de Conservation Brice Moulinier.[\/vc_column_text][vc_empty_space height=\u00a0\u00bb35px\u00a0\u00bb]<div class=\"edgtf-unordered-list  edgtf-square\" >\n<ul>\n<li>Ma\u00eetrise d\u2019ouvrage : Mairie de Beaumont-de-Pertuis<\/li>\n<li>Mandataire : Fabrica TRACEORUM, architecte<\/li>\n<li>Co-traitant : SONOPIA, conservation et restauration, expert-conseil des peintures murales, Aix-en-Provence<\/li>\n<li>Atelier Brice Moulinier, conservation et restauration, Blois<\/li>\n<li>La DRAC est associ\u00e9e \u00e9troitement \u00e0 l\u2019\u00e9tude<\/li>\n<\/ul>\n<\/div>[vc_empty_space height=\u00a0\u00bb35px\u00a0\u00bb]<a itemprop=\"url\" href=\"https:\/\/amisnotredamedebeauvoir.com\/index.php\/diagnostic\/\" target=\"_self\" style=\"color: #ffffff;background-color: #fcbf48;border-color: #ffffff\" class=\"edgtf-btn edgtf-btn-medium edgtf-btn-solid\"  >\n\t<span class=\"edgtf-btn-text\">Lire plus<\/span>\n    <\/a>\t\t<\/div>\n\t<\/div>\n\t<\/div><\/div>[\/vc_column][vc_column offset=\u00a0\u00bbvc_col-lg-4 vc_col-md-12 vc_col-xs-12&Prime;]<div class=\"edgtf-elements-holder edgtf-responsive-mode-768\" ><div class=\"edgtf-elements-holder-item \" data-item-class=\"edgtf-elements-holder-custom-675432\" data-1280-1600=\"2% 0% 2% 2%\" data-1024-1280=\"2% 2% 2% 2%\" data-768-1024=\"2% 2% 2% 2%\" data-600-768=\"2% 2% 2% 2%\" data-480-600=\"2% 2% 2% 2%\" data-480=\"2% 2% 2% 2%\" >\n\t\t<div class=\"edgtf-elements-holder-item-inner\">\n\t\t<div class=\"edgtf-elements-holder-item-content edgtf-elements-holder-custom-675432\" style=\"padding: 2% 2% 2% 2%\">\n\t\t\t<h3 class=\"edgtf-title-with-number\" >\n\t<span class=\"edgtf-twn-number\">02<\/span>Projet de restauration<\/h3>[vc_empty_space height=\u00a0\u00bb35px\u00a0\u00bb][vc_column_text]La Commission R\u00e9gionale des Monuments Historiques (DRAC) a publi\u00e9 le 23 octobre 2023 son Relev\u00e9 de D\u00e9cisions concernant la restauration de Notre-Dame de Beauvoir.<br \/>\nVoici ces interventions relev\u00e9es par la soci\u00e9t\u00e9 FABRICA TRACEORUM.<\/p>\n<div class=\"page\" title=\"Page 3\">\n<div class=\"layoutArea\">\n<div class=\"column\">\n<p>Dans le sce\u0301nario arre\u0302te\u0301, <strong>les de\u0301cors peints du XIII\u00e8 et XIV\u00e8 sie\u0300cle seront de\u0301gage\u0301s, sous forme de grandes fene\u0302tres de paroi.<\/strong><br \/>\nCette pre\u0301sentation inte\u0301rieure refle\u0301tant l\u2019histoire de la chapelle Notre-Dame de Beauvoir est tout de me\u0302me difficile a\u0300 appre\u0301hender pour le grand public et demandera a\u0300 e\u0302tre explicite\u0301 dans le cadre d\u2019un ame\u0301nagement de me\u0301diation, avec un e\u0301clairage spe\u0301cifique.<\/p>\n<p>Ainsi, ce sce\u0301nario pre\u0301voit les modifications suivantes :<\/p>\n<div class=\"page\" title=\"Page 3\">\n<div class=\"layoutArea\">\n<div class=\"column\">\n<ul>\n<li>La restauration du plafond en pla\u0302tre<\/li>\n<li>la restauration des deux le\u0301se\u0300nes<\/li>\n<li>La mise en valeur des graffitis de la trave\u0301e ouest<\/li>\n<\/ul>\n<p>Une e\u0301tude fine d\u2019e\u0301clairage des \u0153uvres peintes sera ne\u0301cessaire pour de\u0301finir pre\u0301cise\u0301ment la nature du flux lumineux et le type d\u2019e\u0301quipement.<\/p>\n<\/div>\n<\/div>\n<\/div>\n<\/div>\n<\/div>\n<\/div>\n<p>[\/vc_column_text]<div class=\"edgtf-separator-holder clearfix  edgtf-separator-left\">\n\t<div class=\"edgtf-separator\" style=\"border-color: #e7e7e7;width: 100%;border-bottom-width: 2px\"><\/div>\n<\/div>\n\t\t<\/div>\n\t<\/div>\n\t<\/div><\/div>[\/vc_column][vc_column offset=\u00a0\u00bbvc_col-lg-4 vc_col-md-12 vc_col-xs-12&Prime;]<div class=\"edgtf-elements-holder edgtf-responsive-mode-768\" ><div class=\"edgtf-elements-holder-item \" data-item-class=\"edgtf-elements-holder-custom-976931\" data-1280-1600=\"2% 2% 2% 2%\" data-1024-1280=\"2% 2% 2% 2%\" data-768-1024=\"2% 2% 2% 2%\" data-600-768=\"2% 2% 2% 2%\" data-480-600=\"2% 2% 2% 2%\" data-480=\"2% 2% 2% 2%\" >\n\t\t<div class=\"edgtf-elements-holder-item-inner\">\n\t\t<div class=\"edgtf-elements-holder-item-content edgtf-elements-holder-custom-976931\" style=\"padding: 2% 2% 2% 2%\">\n\t\t\t<h3 class=\"edgtf-title-with-number\" >\n\t<span class=\"edgtf-twn-number\">03<\/span>Estimation financi\u00e8re<\/h3>[vc_empty_space height=\u00a0\u00bb35px\u00a0\u00bb][vc_column_text]Une approche \u00e9conomique d\u00e9coule de ce Relev\u00e9 de D\u00e9cisions. En voici les grandes lignes :<\/p>\n<p>&#8211; Installations de chantier et \u00e9tudes 41 520 \u20ac HT<br \/>\n&#8211; Restaurations ext\u00e9rieures 253 900 \u20ac HT<br \/>\n&#8211; Restaurations int\u00e9rieures 519 653 \u20ac HT<\/p>\n<p><strong>Ce qui conduit \u00e0 un total TTC de \u00a0 994 388 \u20ac<\/strong>[\/vc_column_text][vc_empty_space height=\u00a0\u00bb30px\u00a0\u00bb][vc_empty_space height=\u00a0\u00bb30px\u00a0\u00bb][vc_empty_space height=\u00a0\u00bb35px\u00a0\u00bb]\t\t<\/div>\n\t<\/div>\n\t<\/div><\/div>[\/vc_column][\/vc_row][vc_row][vc_column]<div class=\"edgtf-image-gallery-carousel-wrapper\">\n\t<div class=\"edgtf-image-gallery-carousel \" data-autoplay=\"3\" data-animation=\"slide\" data-navigation=\"yes\" data-pagination=\"yes\">\n\t\t\t\t<div>\n\t\t\t\n\t\t\t<div class=\"edgtf-ig-image-holder\">\n\t\t\t\t\t\t\t\t\t<img width=\"1024\" height=\"724\" src=\"https:\/\/amisnotredamedebeauvoir.com\/wp-content\/uploads\/2023\/03\/Plan-pdf-1024x724.jpg\" class=\"attachment-large size-large\" alt=\"\" decoding=\"async\" loading=\"lazy\" \/>\t\t\t\t\t\t\t<\/div>\n\n\t\t\t\t\t<\/div>\n\t\t\t\t<div>\n\t\t\t\n\t\t\t<div class=\"edgtf-ig-image-holder\">\n\t\t\t\t\t\t\t\t\t<img width=\"724\" height=\"1024\" src=\"https:\/\/amisnotredamedebeauvoir.com\/wp-content\/uploads\/2023\/03\/Releve-du-choeur-pdf-724x1024.jpg\" class=\"attachment-large size-large\" alt=\"\" decoding=\"async\" loading=\"lazy\" \/>\t\t\t\t\t\t\t<\/div>\n\n\t\t\t\t\t<\/div>\n\t\t\t\t<div>\n\t\t\t\n\t\t\t<div class=\"edgtf-ig-image-holder\">\n\t\t\t\t\t\t\t\t\t<img width=\"1024\" height=\"724\" src=\"https:\/\/amisnotredamedebeauvoir.com\/wp-content\/uploads\/2023\/03\/Releve-du-mur-nord-pdf-1024x724.jpg\" class=\"attachment-large size-large\" alt=\"\" decoding=\"async\" loading=\"lazy\" \/>\t\t\t\t\t\t\t<\/div>\n\n\t\t\t\t\t<\/div>\n\t\t\t\t<div>\n\t\t\t\n\t\t\t<div class=\"edgtf-ig-image-holder\">\n\t\t\t\t\t\t\t\t\t<img width=\"1024\" height=\"647\" src=\"https:\/\/amisnotredamedebeauvoir.com\/wp-content\/uploads\/2023\/03\/Dessin-Entree-Jerusalem-1024x647.png\" class=\"attachment-large size-large\" alt=\"\" decoding=\"async\" loading=\"lazy\" srcset=\"https:\/\/amisnotredamedebeauvoir.com\/wp-content\/uploads\/2023\/03\/Dessin-Entree-Jerusalem-1024x647.png 1024w, https:\/\/amisnotredamedebeauvoir.com\/wp-content\/uploads\/2023\/03\/Dessin-Entree-Jerusalem-300x190.png 300w, https:\/\/amisnotredamedebeauvoir.com\/wp-content\/uploads\/2023\/03\/Dessin-Entree-Jerusalem-768x485.png 768w, https:\/\/amisnotredamedebeauvoir.com\/wp-content\/uploads\/2023\/03\/Dessin-Entree-Jerusalem-1536x971.png 1536w, https:\/\/amisnotredamedebeauvoir.com\/wp-content\/uploads\/2023\/03\/Dessin-Entree-Jerusalem-600x379.png 600w\" sizes=\"(max-width: 1024px) 100vw, 1024px\" \/>\t\t\t\t\t\t\t<\/div>\n\n\t\t\t\t\t<\/div>\n\t\t\t\t<div>\n\t\t\t\n\t\t\t<div class=\"edgtf-ig-image-holder\">\n\t\t\t\t\t\t\t\t\t<img width=\"1024\" height=\"917\" src=\"https:\/\/amisnotredamedebeauvoir.com\/wp-content\/uploads\/2023\/03\/Dessin-Montee-Paradis-1024x917.png\" class=\"attachment-large size-large\" alt=\"\" decoding=\"async\" loading=\"lazy\" srcset=\"https:\/\/amisnotredamedebeauvoir.com\/wp-content\/uploads\/2023\/03\/Dessin-Montee-Paradis-1024x917.png 1024w, https:\/\/amisnotredamedebeauvoir.com\/wp-content\/uploads\/2023\/03\/Dessin-Montee-Paradis-300x269.png 300w, https:\/\/amisnotredamedebeauvoir.com\/wp-content\/uploads\/2023\/03\/Dessin-Montee-Paradis-768x688.png 768w, https:\/\/amisnotredamedebeauvoir.com\/wp-content\/uploads\/2023\/03\/Dessin-Montee-Paradis-1536x1376.png 1536w, https:\/\/amisnotredamedebeauvoir.com\/wp-content\/uploads\/2023\/03\/Dessin-Montee-Paradis-600x537.png 600w\" sizes=\"(max-width: 1024px) 100vw, 1024px\" \/>\t\t\t\t\t\t\t<\/div>\n\n\t\t\t\t\t<\/div>\n\t\t\t<\/div>\n<\/div>[\/vc_column][\/vc_row]<\/p>\n","protected":false},"excerpt":{"rendered":"<p>[vc_row content_width=\u00a0\u00bbgrid\u00a0\u00bb css=\u00a0\u00bb.vc_custom_1490864332827{padding-bottom: 100px !important;background-image: url(https:\/\/goodwish.qodeinteractive.com\/wp-content\/uploads\/2017\/03\/page-img-about-1.jpg?id=13912) !important;background-position: center !important;background-repeat: no-repeat !important;background-size: cover !important;}\u00a0\u00bb][vc_column offset=\u00a0\u00bbvc_col-lg-4 vc_col-md-12 vc_col-xs-12&Prime;][\/vc_column][vc_column offset=\u00a0\u00bbvc_col-lg-4 vc_col-md-12 vc_col-xs-12&Prime;][\/vc_column][vc_column offset=\u00a0\u00bbvc_col-lg-4 vc_col-md-12 vc_col-xs-12&Prime;][\/vc_column][\/vc_row][vc_row][vc_column][\/vc_column][\/vc_row]<\/p>\n","protected":false},"author":1,"featured_media":0,"parent":0,"menu_order":0,"comment_status":"closed","ping_status":"closed","template":"","meta":[],"_links":{"self":[{"href":"https:\/\/amisnotredamedebeauvoir.com\/index.php\/wp-json\/wp\/v2\/pages\/20632"}],"collection":[{"href":"https:\/\/amisnotredamedebeauvoir.com\/index.php\/wp-json\/wp\/v2\/pages"}],"about":[{"href":"https:\/\/amisnotredamedebeauvoir.com\/index.php\/wp-json\/wp\/v2\/types\/page"}],"author":[{"embeddable":true,"href":"https:\/\/amisnotredamedebeauvoir.com\/index.php\/wp-json\/wp\/v2\/users\/1"}],"replies":[{"embeddable":true,"href":"https:\/\/amisnotredamedebeauvoir.com\/index.php\/wp-json\/wp\/v2\/comments?post=20632"}],"version-history":[{"count":47,"href":"https:\/\/amisnotredamedebeauvoir.com\/index.php\/wp-json\/wp\/v2\/pages\/20632\/revisions"}],"predecessor-version":[{"id":21427,"href":"https:\/\/amisnotredamedebeauvoir.com\/index.php\/wp-json\/wp\/v2\/pages\/20632\/revisions\/21427"}],"wp:attachment":[{"href":"https:\/\/amisnotredamedebeauvoir.com\/index.php\/wp-json\/wp\/v2\/media?parent=20632"}],"curies":[{"name":"wp","href":"https:\/\/api.w.org\/{rel}","templated":true}]}}