
{"id":20570,"date":"2023-02-27T19:18:12","date_gmt":"2023-02-27T18:18:12","guid":{"rendered":"http:\/\/hojfltm.cluster031.hosting.ovh.net\/?page_id=20570"},"modified":"2025-12-28T10:43:28","modified_gmt":"2025-12-28T09:43:28","slug":"contactez-nous","status":"publish","type":"page","link":"https:\/\/amisnotredamedebeauvoir.com\/index.php\/contactez-nous\/","title":{"rendered":"Contactez-nous"},"content":{"rendered":"\t\t<div data-elementor-type=\"wp-page\" data-elementor-id=\"20570\" class=\"elementor elementor-20570\">\n\t\t\t\t\t\t\t\t\t<section class=\"elementor-section elementor-top-section elementor-element elementor-element-7b26cb7c elementor-section-boxed elementor-section-height-default elementor-section-height-default edgtf-elementor-container-no edgtf-section edgtf-parallax-section-holder-touch-disabled edgtf-parallax-section-no\" data-id=\"7b26cb7c\" data-element_type=\"section\">\n\t\t\t\t\t\t<div class=\"elementor-container elementor-column-gap-default\">\n\t\t\t\t\t<div class=\"elementor-column elementor-col-100 elementor-top-column elementor-element elementor-element-5aea50ad\" data-id=\"5aea50ad\" data-element_type=\"column\">\n\t\t\t<div class=\"elementor-widget-wrap elementor-element-populated\">\n\t\t\t\t\t\t\t\t<div class=\"elementor-element elementor-element-3e479de7 elementor-widget elementor-widget-text-editor\" data-id=\"3e479de7\" data-element_type=\"widget\" data-widget_type=\"text-editor.default\">\n\t\t\t\t<div class=\"elementor-widget-container\">\n\t\t\t<style>\/*! elementor - v3.12.2 - 23-04-2023 *\/\n.elementor-widget-text-editor.elementor-drop-cap-view-stacked .elementor-drop-cap{background-color:#69727d;color:#fff}.elementor-widget-text-editor.elementor-drop-cap-view-framed .elementor-drop-cap{color:#69727d;border:3px solid;background-color:transparent}.elementor-widget-text-editor:not(.elementor-drop-cap-view-default) .elementor-drop-cap{margin-top:8px}.elementor-widget-text-editor:not(.elementor-drop-cap-view-default) .elementor-drop-cap-letter{width:1em;height:1em}.elementor-widget-text-editor .elementor-drop-cap{float:left;text-align:center;line-height:1;font-size:50px}.elementor-widget-text-editor .elementor-drop-cap-letter{display:inline-block}<\/style>\t\t\t\t<p>[vc_row content_width=\u00a0\u00bbgrid\u00a0\u00bb css=\u00a0\u00bb.vc_custom_1491468920212{padding-bottom: 30px !important;}\u00a0\u00bb][vc_column offset=\u00a0\u00bbvc_col-lg-6 vc_col-md-6 vc_col-xs-12&Prime;][vc_column_text]<\/p><h2>Votre message<\/h2><p>[\/vc_column_text]<div class=\"edgtf-separator-holder clearfix  edgtf-separator-left\">\n\t<div class=\"edgtf-separator\" style=\"border-color: #fcbf48;width: 50px;border-bottom-width: 3px;margin-top: 25px;margin-bottom: 25px\"><\/div>\n<\/div>\n[vc_empty_space height=\u00a0\u00bb60px\u00a0\u00bb]\n<div class=\"wpcf7 no-js\" id=\"wpcf7-f9-o1\" lang=\"fr-FR\" dir=\"ltr\">\n<div class=\"screen-reader-response\"><p role=\"status\" aria-live=\"polite\" aria-atomic=\"true\"><\/p> <ul><\/ul><\/div>\n<form action=\"\/index.php\/wp-json\/wp\/v2\/pages\/20570#wpcf7-f9-o1\" method=\"post\" class=\"wpcf7-form init\" aria-label=\"Formulaire de contact\" novalidate=\"novalidate\" data-status=\"init\">\n<div style=\"display: none;\">\n<input type=\"hidden\" name=\"_wpcf7\" value=\"9\" \/>\n<input type=\"hidden\" name=\"_wpcf7_version\" value=\"5.7.6\" \/>\n<input type=\"hidden\" name=\"_wpcf7_locale\" value=\"fr_FR\" \/>\n<input type=\"hidden\" name=\"_wpcf7_unit_tag\" value=\"wpcf7-f9-o1\" \/>\n<input type=\"hidden\" name=\"_wpcf7_container_post\" value=\"0\" \/>\n<input type=\"hidden\" name=\"_wpcf7_posted_data_hash\" value=\"\" \/>\n<\/div>\n<label> Votre nom\n    <span class=\"wpcf7-form-control-wrap\" data-name=\"your-name\"><input size=\"40\" class=\"wpcf7-form-control wpcf7-text wpcf7-validates-as-required\" autocomplete=\"name\" aria-required=\"true\" aria-invalid=\"false\" value=\"\" type=\"text\" name=\"your-name\" \/><\/span> <\/label>\n\n<label> Votre e-mail\n    <span class=\"wpcf7-form-control-wrap\" data-name=\"your-email\"><input size=\"40\" class=\"wpcf7-form-control wpcf7-text wpcf7-email wpcf7-validates-as-required wpcf7-validates-as-email\" autocomplete=\"email\" aria-required=\"true\" aria-invalid=\"false\" value=\"\" type=\"email\" name=\"your-email\" \/><\/span> <\/label>\n\n<label> Votre num\u00e9ro de t\u00e9l\u00e9phone\n<span class=\"wpcf7-form-control-wrap\" data-name=\"tel-444\"><input size=\"40\" class=\"wpcf7-form-control wpcf7-text wpcf7-tel wpcf7-validates-as-tel\" aria-invalid=\"false\" value=\"\" type=\"tel\" name=\"tel-444\" \/><\/span><\/label>\n\n<label> Objet de votre message\n    <span class=\"wpcf7-form-control-wrap\" data-name=\"your-subject\"><input size=\"40\" class=\"wpcf7-form-control wpcf7-text wpcf7-validates-as-required\" aria-required=\"true\" aria-invalid=\"false\" value=\"\" type=\"text\" name=\"your-subject\" \/><\/span> <\/label>\n\n<label> Votre message\n    <span class=\"wpcf7-form-control-wrap\" data-name=\"your-message\"><textarea cols=\"40\" rows=\"10\" class=\"wpcf7-form-control wpcf7-textarea wpcf7-validates-as-required\" aria-required=\"true\" aria-invalid=\"false\" name=\"your-message\"><\/textarea><\/span> <\/label>\n\n<span class=\"wpcf7-form-control-wrap\" data-name=\"acceptance-63\"><span class=\"wpcf7-form-control wpcf7-acceptance optional\"><span class=\"wpcf7-list-item\"><label><input type=\"checkbox\" name=\"acceptance-63\" value=\"1\" aria-invalid=\"false\" \/><span class=\"wpcf7-list-item-label\">Je consens express\u00e9ment au traitement de donn\u00e9es \u00e0 caract\u00e8re personnel me concernant dans le respect du R\u00e8glement G\u00e9n\u00e9ral europ\u00e9en sur la Protection des Donn\u00e9es (RGPD)<\/span><\/label><\/span><\/span><\/span>\n\n<input class=\"wpcf7-form-control has-spinner wpcf7-submit\" type=\"submit\" value=\"Envoyer\" \/><div class=\"wpcf7-response-output\" aria-hidden=\"true\"><\/div>\n<\/form>\n<\/div>\n[vc_empty_space height=\u00a0\u00bb60px\u00a0\u00bb][\/vc_column][vc_column offset=\u00a0\u00bbvc_col-lg-6 vc_col-md-6 vc_col-xs-12&Prime;][vc_column_text]<\/p><h2>L&rsquo;association<\/h2><p>[\/vc_column_text]<div class=\"edgtf-separator-holder clearfix  edgtf-separator-left\">\n\t<div class=\"edgtf-separator\" style=\"border-color: #fcbf48;width: 50px;border-bottom-width: 3px;margin-top: 25px;margin-bottom: 25px\"><\/div>\n<\/div>\n[vc_column_text]<em>Les amis de Notre-Dame de Beauvoir <\/em>est une association loi 1901 reconnue d&rsquo;int\u00e9r\u00eat g\u00e9n\u00e9ral.<\/p><p>Rejoignez nous dans cette aventure. Pour cela il vous suffit d&rsquo;imprimer, remplir et de nous renvoyer \u00e0 l&rsquo;adresse ci-dessous, le formulaire qui suit.<\/p><p><a href=\"https:\/\/amisnotredamedebeauvoir.com\/wp-content\/uploads\/2025\/12\/Flyer-Adhesion-et-Don-2026.pdf\">FORMULAIRE D&rsquo;ADHESION<\/a><\/p><p>\u00a0[\/vc_column_text][vc_empty_space height=\u00a0\u00bb35px\u00a0\u00bb]<div class=\"edgtf-elements-holder edgtf-responsive-mode-768\" ><div class=\"edgtf-elements-holder-item \" data-item-class=\"edgtf-elements-holder-custom-945151\" data-600-768=\"4% 0% 4% 0%\" data-480-600=\"4% 0% 4% 0%\" data-480=\"4% 0% 4% 0%\" >\n\t\t<div class=\"edgtf-elements-holder-item-inner\">\n\t\t<div class=\"edgtf-elements-holder-item-content edgtf-elements-holder-custom-945151\" style=\"padding: 10% 0% 10% 0%\">\n\t\t\t<div class=\"edgtf-iwt clearfix edgtf-iwt-icon-left edgtf-iwt-icon-tiny\">\n    <div class=\"edgtf-iwt-icon-holder\">\n                    \n    <span class=\"edgtf-icon-shortcode normal edgtf-icon-tiny\"  data-color=\"#fcbf48\">\n        \n        <span aria-hidden=\"true\" class=\"edgtf-icon-font-elegant icon_pin edgtf-icon-element\" style=\"color: #fcbf48\" ><\/span>\n            <\/span>\n\n            <\/div>\n    <div class=\"edgtf-iwt-content-holder\" >\n        <div class=\"edgtf-iwt-title-holder\">\n\t\t\t                                    <a itemprop=\"url\" class=\"edgtf-iwt-link\" href=\"#\" target=\"_self\">\n                                    <h4 >Adresse de l&#039;association<\/h4>\n                                    <\/a>\n                                    <\/div>\n        <div class=\"edgtf-iwt-text-holder\">\n            <p >Mairie de Beaumont<br \/>Cours de Verdun<br \/>84120 Beaumont-de-Pertuis<\/p>\n\n                    <\/div>\n    <\/div>\n<\/div>\t\t<\/div>\n\t<\/div>\n\t<\/div><\/div><div class=\"edgtf-elements-holder edgtf-responsive-mode-768\" ><div class=\"edgtf-elements-holder-item \" data-item-class=\"edgtf-elements-holder-custom-530992\" data-600-768=\"4% 0% 4% 0%\" data-480-600=\"4% 0% 4% 0%\" data-480=\"4% 0% 4% 0%\" >\n\t\t<div class=\"edgtf-elements-holder-item-inner\">\n\t\t<div class=\"edgtf-elements-holder-item-content edgtf-elements-holder-custom-530992\" style=\"padding: 10% 0% 10% 0%\">\n\t\t\t<div class=\"edgtf-iwt clearfix edgtf-iwt-icon-left edgtf-iwt-icon-tiny\">\n    <div class=\"edgtf-iwt-icon-holder\">\n                    \n    <span class=\"edgtf-icon-shortcode normal edgtf-icon-tiny\"  data-color=\"#fcbf48\">\n        \n        <span aria-hidden=\"true\" class=\"edgtf-icon-font-elegant icon_pin edgtf-icon-element\" style=\"color: #fcbf48\" ><\/span>\n            <\/span>\n\n            <\/div>\n    <div class=\"edgtf-iwt-content-holder\" >\n        <div class=\"edgtf-iwt-title-holder\">\n\t\t\t                                    <a itemprop=\"url\" class=\"edgtf-iwt-link\" href=\"#\" target=\"_self\">\n                                    <h4 >Adresse de la chapelle<\/h4>\n                                    <\/a>\n                                    <\/div>\n        <div class=\"edgtf-iwt-text-holder\">\n            <p >Route de Mirabeau<br \/>84120 Beaumont-de-Pertuis<\/p><p>La chapelle n&rsquo;est pas ouverte au public exception faite lors de Journ\u00e9es Portes Ouvertes.<\/p>\n\n                    <\/div>\n    <\/div>\n<\/div>\t\t<\/div>\n\t<\/div>\n\t<\/div><\/div><div class=\"edgtf-elements-holder edgtf-responsive-mode-768\" ><div class=\"edgtf-elements-holder-item \" data-item-class=\"edgtf-elements-holder-custom-387369\" data-600-768=\"4% 0% 4% 0%\" data-480-600=\"4% 0% 4% 0%\" data-480=\"4% 0% 4% 0%\" >\n\t\t<div class=\"edgtf-elements-holder-item-inner\">\n\t\t<div class=\"edgtf-elements-holder-item-content edgtf-elements-holder-custom-387369\" style=\"padding: 0%\">\n\t\t\t<div class=\"edgtf-iwt clearfix edgtf-iwt-icon-left edgtf-iwt-icon-tiny\">\n    <div class=\"edgtf-iwt-icon-holder\">\n                    \n    <span class=\"edgtf-icon-shortcode normal edgtf-icon-tiny\"  data-color=\"#fcbf48\">\n        \n        <span aria-hidden=\"true\" class=\"edgtf-icon-font-elegant icon_phone edgtf-icon-element\" style=\"color: #fcbf48\" ><\/span>\n            <\/span>\n\n            <\/div>\n    <div class=\"edgtf-iwt-content-holder\" >\n        <div class=\"edgtf-iwt-title-holder\">\n\t\t\t                                    <a itemprop=\"url\" class=\"edgtf-iwt-link\" href=\"#\" target=\"_self\">\n                                    <h4 >T\u00e9l\u00e9phone<\/h4>\n                                    <\/a>\n                                    <\/div>\n        <div class=\"edgtf-iwt-text-holder\">\n            <p >+33 (0) 6 52 14 03 24<\/p>\n\n                    <\/div>\n    <\/div>\n<\/div>\t\t<\/div>\n\t<\/div>\n\t<\/div><\/div><div class=\"edgtf-elements-holder edgtf-responsive-mode-768\" ><div class=\"edgtf-elements-holder-item \" data-item-class=\"edgtf-elements-holder-custom-770318\" data-600-768=\"4% 0% 4% 0%\" data-480-600=\"4% 0% 4% 0%\" data-480=\"4% 0% 4% 0%\" >\n\t\t<div class=\"edgtf-elements-holder-item-inner\">\n\t\t<div class=\"edgtf-elements-holder-item-content edgtf-elements-holder-custom-770318\" style=\"padding: 10% 0% 10% 0%\">\n\t\t\t<div class=\"edgtf-iwt clearfix edgtf-iwt-icon-left edgtf-iwt-icon-tiny\">\n    <div class=\"edgtf-iwt-icon-holder\">\n                    \n    <span class=\"edgtf-icon-shortcode normal edgtf-icon-tiny\"  data-color=\"#fcbf48\">\n        \n        <span aria-hidden=\"true\" class=\"edgtf-icon-font-elegant icon_mail_alt edgtf-icon-element\" style=\"color: #fcbf48\" ><\/span>\n            <\/span>\n\n            <\/div>\n    <div class=\"edgtf-iwt-content-holder\" >\n        <div class=\"edgtf-iwt-title-holder\">\n\t\t\t                                    <a itemprop=\"url\" class=\"edgtf-iwt-link\" href=\"http:\/\/contact@amisnotredamedebeauvoir.com\" target=\"_self\">\n                                    <h4 >Email<\/h4>\n                                    <\/a>\n                                    <\/div>\n        <div class=\"edgtf-iwt-text-holder\">\n            <p >contact@amisnotredamedebeauvoir.com<\/p>\n\n                    <\/div>\n    <\/div>\n<\/div>\t\t<\/div>\n\t<\/div>\n\t<\/div><div class=\"edgtf-elements-holder-item \" data-item-class=\"edgtf-elements-holder-custom-376506\" data-600-768=\"4% 0% 4% 0%\" data-480-600=\"4% 0% 4% 0%\" data-480=\"4% 0% 4% 0%\" >\n\t\t<div class=\"edgtf-elements-holder-item-inner\">\n\t\t<div class=\"edgtf-elements-holder-item-content edgtf-elements-holder-custom-376506\" style=\"padding: 10% 0% 10% 0%\">\n\t\t\t\t\t<\/div>\n\t<\/div>\n\t<\/div><\/div>[vc_empty_space height=\u00a0\u00bb60px\u00a0\u00bb][\/vc_column][\/vc_row]<\/p>\t\t\t\t\t\t<\/div>\n\t\t\t\t<\/div>\n\t\t\t\t\t<\/div>\n\t\t<\/div>\n\t\t\t\t\t\t\t<\/div>\n\t\t<\/section>\n\t\t\t\t<section class=\"elementor-section elementor-top-section elementor-element elementor-element-8bcbfac elementor-section-full_width elementor-section-stretched elementor-section-height-default elementor-section-height-default edgtf-elementor-container-no edgtf-section edgtf-parallax-section-holder-touch-disabled edgtf-parallax-section-no\" data-id=\"8bcbfac\" data-element_type=\"section\" data-settings=\"{&quot;stretch_section&quot;:&quot;section-stretched&quot;}\">\n\t\t\t\t\t\t<div class=\"elementor-container elementor-column-gap-default\">\n\t\t\t\t\t<div class=\"elementor-column elementor-col-100 elementor-top-column elementor-element elementor-element-e35ec2f\" data-id=\"e35ec2f\" data-element_type=\"column\">\n\t\t\t<div class=\"elementor-widget-wrap elementor-element-populated\">\n\t\t\t\t\t\t\t\t<div class=\"elementor-element elementor-element-56e357d elementor-widget__width-inherit elementor-widget elementor-widget-google_maps\" data-id=\"56e357d\" data-element_type=\"widget\" data-widget_type=\"google_maps.default\">\n\t\t\t\t<div class=\"elementor-widget-container\">\n\t\t\t<style>\/*! elementor - v3.12.2 - 23-04-2023 *\/\n.elementor-widget-google_maps .elementor-widget-container{overflow:hidden}.elementor-widget-google_maps .elementor-custom-embed{line-height:0}.elementor-widget-google_maps iframe{height:300px}<\/style>\t\t<div class=\"elementor-custom-embed\">\n\t\t\t<iframe loading=\"lazy\"\n\t\t\t\t\tsrc=\"https:\/\/maps.google.com\/maps?q=Route%20de%20Mirabeau%2084120%20Beaumont-de-Pertuis&#038;t=m&#038;z=13&#038;output=embed&#038;iwloc=near\"\n\t\t\t\t\ttitle=\"Route de Mirabeau 84120 Beaumont-de-Pertuis\"\n\t\t\t\t\taria-label=\"Route de Mirabeau 84120 Beaumont-de-Pertuis\"\n\t\t\t><\/iframe>\n\t\t<\/div>\n\t\t\t\t<\/div>\n\t\t\t\t<\/div>\n\t\t\t\t\t<\/div>\n\t\t<\/div>\n\t\t\t\t\t\t\t<\/div>\n\t\t<\/section>\n\t\t\t\t\t\t\t<\/div>\n\t\t","protected":false},"excerpt":{"rendered":"<p>[vc_row content_width=\u00a0\u00bbgrid\u00a0\u00bb css=\u00a0\u00bb.vc_custom_1491468920212{padding-bottom: 30px !important;}\u00a0\u00bb][vc_column offset=\u00a0\u00bbvc_col-lg-6 vc_col-md-6 vc_col-xs-12&Prime;][vc_column_text] Votre message [\/vc_column_text][vc_empty_space height=\u00a0\u00bb60px\u00a0\u00bb][vc_empty_space height=\u00a0\u00bb60px\u00a0\u00bb][\/vc_column][vc_column offset=\u00a0\u00bbvc_col-lg-6 vc_col-md-6 vc_col-xs-12&Prime;][vc_column_text] L&rsquo;association [\/vc_column_text][vc_column_text]Les amis de Notre-Dame de Beauvoir est une association loi 1901 reconnue d&rsquo;int\u00e9r\u00eat g\u00e9n\u00e9ral. Rejoignez nous dans cette aventure. Pour cela il vous suffit d&rsquo;imprimer, remplir et de nous renvoyer \u00e0 l&rsquo;adresse ci-dessous, le formulaire qui suit. FORMULAIRE&#8230;<\/p>\n","protected":false},"author":1,"featured_media":0,"parent":0,"menu_order":0,"comment_status":"closed","ping_status":"closed","template":"","meta":[],"_links":{"self":[{"href":"https:\/\/amisnotredamedebeauvoir.com\/index.php\/wp-json\/wp\/v2\/pages\/20570"}],"collection":[{"href":"https:\/\/amisnotredamedebeauvoir.com\/index.php\/wp-json\/wp\/v2\/pages"}],"about":[{"href":"https:\/\/amisnotredamedebeauvoir.com\/index.php\/wp-json\/wp\/v2\/types\/page"}],"author":[{"embeddable":true,"href":"https:\/\/amisnotredamedebeauvoir.com\/index.php\/wp-json\/wp\/v2\/users\/1"}],"replies":[{"embeddable":true,"href":"https:\/\/amisnotredamedebeauvoir.com\/index.php\/wp-json\/wp\/v2\/comments?post=20570"}],"version-history":[{"count":78,"href":"https:\/\/amisnotredamedebeauvoir.com\/index.php\/wp-json\/wp\/v2\/pages\/20570\/revisions"}],"predecessor-version":[{"id":22716,"href":"https:\/\/amisnotredamedebeauvoir.com\/index.php\/wp-json\/wp\/v2\/pages\/20570\/revisions\/22716"}],"wp:attachment":[{"href":"https:\/\/amisnotredamedebeauvoir.com\/index.php\/wp-json\/wp\/v2\/media?parent=20570"}],"curies":[{"name":"wp","href":"https:\/\/api.w.org\/{rel}","templated":true}]}}