
{"id":20508,"date":"2023-02-27T10:04:52","date_gmt":"2023-02-27T09:04:52","guid":{"rendered":"http:\/\/hojfltm.cluster031.hosting.ovh.net\/?page_id=20508"},"modified":"2023-07-26T09:56:05","modified_gmt":"2023-07-26T07:56:05","slug":"beaumont-et-le-pays-daigues","status":"publish","type":"page","link":"https:\/\/amisnotredamedebeauvoir.com\/index.php\/beaumont-et-le-pays-daigues\/","title":{"rendered":"Beaumont et le Pays d&rsquo;Aigues"},"content":{"rendered":"<p>[vc_row content_width=\u00a0\u00bbgrid\u00a0\u00bb css=\u00a0\u00bb.vc_custom_1491569179737{padding-bottom: 90px !important;}\u00a0\u00bb][vc_column offset=\u00a0\u00bbvc_col-lg-6 vc_col-md-6 vc_col-xs-12&Prime;][vc_single_image image=\u00a0\u00bb20510&Prime; img_size=\u00a0\u00bbfull\u00a0\u00bb][vc_empty_space height=\u00a0\u00bb35px\u00a0\u00bb][vc_column_text]<\/p>\n<h3>Mairie de Beaumont-de-Pertuis<\/h3>\n<p>[\/vc_column_text][vc_empty_space height=\u00a0\u00bb35px\u00a0\u00bb]<div class=\"edgtf-elements-holder edgtf-responsive-mode-768\" ><div class=\"edgtf-elements-holder-item edgtf-vertical-alignment-top\" data-item-class=\"edgtf-elements-holder-custom-325684\" data-1280-1600=\"0px 10px 0px 33px\" data-1024-1280=\"0px 10px 0px 33px\" data-768-1024=\"0px 6px 0px 14px\" >\n\t\t<div class=\"edgtf-elements-holder-item-inner\">\n\t\t<div class=\"edgtf-elements-holder-item-content edgtf-elements-holder-custom-325684\" style=\"padding: 0px 10px 0px 33px\">\n\t\t\t[vc_empty_space height=\u00a0\u00bb2px\u00a0\u00bb][vc_column_text]<\/p>\n<h5>Adresse:<\/h5>\n<p>Cours de Verdun\u00a0\u00a0 84120 Beaumont-de-Pertuis[\/vc_column_text][vc_empty_space height=\u00a0\u00bb12px\u00a0\u00bb][vc_column_text]<\/p>\n<h5>Maire:<\/h5>\n<p>Jacques Natta[\/vc_column_text][vc_empty_space height=\u00a0\u00bb12px\u00a0\u00bb][vc_column_text]<\/p>\n<h5>Nombre d&rsquo;habitants<\/h5>\n<p>1 137[\/vc_column_text][vc_empty_space height=\u00a0\u00bb12px\u00a0\u00bb][vc_column_text]<\/p>\n<h5>Altitude:<\/h5>\n<p>Entre 230 et 602 m\u00e8tres[\/vc_column_text][vc_empty_space height=\u00a0\u00bb12px\u00a0\u00bb]\t\t<\/div>\n\t<\/div>\n\t<\/div><\/div>[vc_empty_space][vc_column_text]<\/p>\n<h3>Le mot de monsieur le maire<\/h3>\n<p>[\/vc_column_text][vc_column_text]<\/p>\n<div class=\"page\" title=\"Page 1\">\n<div class=\"layoutArea\">\n<div class=\"column\">\n<p><em>\u00ab\u00a0Souvenons-nous.<\/em><br \/>\n<em>L\u2019Aventure a commence\u0301 il y a quelques anne\u0301es, lorsque nous avons de\u0301couvert qu\u2019il y avait des peintures murales a\u0300 l\u2019inte\u0301rieur de la Chapelle Notre-Dame de Beauvoir. Et la DRAC que nous avons contacte\u0301e nous a alors confirme\u0301 la grande valeur et la rarete\u0301 de ces peintures du XIIe\u0300me sie\u0300cle.<\/em><br \/>\n<em>Un travail de pre\u0301servation a e\u0301te\u0301 rapidement re\u0301alise\u0301. Puis l\u2019aventure a pu commencer, un bureau d\u2019e\u0301tude a e\u0301te\u0301 choisi pour de\u0301terminer et chiffrer l\u2019ensemble des travaux a\u0300 re\u0301aliser.<\/em><br \/>\n<em>Cette e\u0301tude de diagnostic de la Chapelle vient de se terminer, avec une proposition de restauration et le chiffrage des travaux.<\/em><\/p>\n<p><em>C\u2019est pour moi un moment de bonheur de voir ce magnifique monument, en passe de retrouver son immense beaute\u0301 cache\u0301e.<\/em><br \/>\n<em>Et la\u0300 je salue l\u2019Association des Amis de Notre-Dame de Beauvoir ainsi que Madame Carole Gaessler ; tous nous avons donne\u0301 un peu de nous-me\u0302me pour rendre tout son e\u0301clat a\u0300 ce lieu te\u0301moin , Oh combien e\u0301clatant, de notre passe\u0301, de notre culture et d\u2019un art qui a traverse\u0301 les sie\u0300cles.\u00a0\u00bb<\/em><\/p>\n<p>Jacques Natta<\/p>\n<\/div>\n<\/div>\n<\/div>\n<p>[\/vc_column_text][\/vc_column][vc_column offset=\u00a0\u00bbvc_col-lg-6 vc_col-md-6 vc_col-xs-12&Prime;]<div class=\"edgtf-elements-holder edgtf-responsive-mode-768\" ><div class=\"edgtf-elements-holder-item \" data-item-class=\"edgtf-elements-holder-custom-785189\" data-1280-1600=\"2% 7% 2% 5%\" data-1024-1280=\"2% 7% 2% 5%\" data-768-1024=\"2% 0% 2% 3%\" data-600-768=\"5% 0% 1% 0%\" >\n\t\t<div class=\"edgtf-elements-holder-item-inner\">\n\t\t<div class=\"edgtf-elements-holder-item-content edgtf-elements-holder-custom-785189\" style=\"padding: 2% 7% 2% 5%\">\n\t\t\t[vc_column_text]Beaumont-de-Pertuis se situe sur l\u2019itin\u00e9raire qui remonte de Aix-en-Provence \u00e0 Sisteron en longeant le Val de Durance. Le village na\u00eet sans doute au Moyen \u00c2ge, \u00e9poque o\u00f9 les seigneurs r\u00e8gnent du haut de leur ch\u00e2teau. Cern\u00e9 de rempart, Bellum Montem h\u00e9berge une population d\u2019agriculteurs, mais b\u00e9n\u00e9ficie \u00e9galement du commerce li\u00e9 \u00e0 sa situation g\u00e9ographique.<\/p>\n<p>En 1287, les coseigneurs c\u00e8dent leurs biens aux comtes de Provence. C\u2019est une p\u00e9riode prosp\u00e8re pendant laquelle Beaumont comptera jusqu\u2019\u00e0 1200 \u00e2mes, chiffre qu\u2019elle sera bien loin d\u2019atteindre dans les si\u00e8cles qui suivront.<br \/>\nCar les guerres et les \u00e9pid\u00e9mies vont d\u00e9cimer toute la Provence et, en 1471, on ne comptera plus que 200 habitants dans le village partiellement d\u00e9truit.<br \/>\nApr\u00e8s une longue p\u00e9riode de paix au d\u00e9but du XVIe si\u00e8cle, les Guerres de Religion viendront de nouveau meurtrir les habitants. Le tremblement de terre en 1708 qui est \u00e0 l\u2019origine de l\u2019effondrement partiel de l\u2019\u00e9glise, suivi de la Grande Peste de 1720 marqueront ensuite durement la progression d\u00e9mographique de la r\u00e9gion. Cent ans plus tard, nouveaux tremblements de terre.<br \/>\nEt il faudra attendre les ann\u00e9es 1970 et l\u2019implantation de l\u2019usine de Cadarache pour voir le village se repeupler.<br \/>\nAujourd\u2019hui, la beaut\u00e9 du massif du Luberon et de la Provence en g\u00e9n\u00e9ral conduit peu \u00e0 peu Beaumont-de-Pertuis \u00e0 retrouver ses 1200 \u00ab\u00a0\u00e2mes\u00a0\u00bb, souvenir d\u2019un XIIIe si\u00e8cle tr\u00e8s lointain.[\/vc_column_text][vc_empty_space height=\u00a0\u00bb35px\u00a0\u00bb][vc_column_text]<b>L\u2019art roman dans le Vaucluse : un voyage au c\u0153ur de l&rsquo;art et de la Foi<\/b><\/p>\n<p>Le Vaucluse, ce d\u00e9partement pittoresque situ\u00e9 dans le sud-est de la France, abrite une pl\u00e9thore de tr\u00e9sors architecturaux qui nous ram\u00e8nent \u00e0 une \u00e9poque o\u00f9 l&rsquo;art roman s\u2019y \u00e9panouissait. Au XIIe si\u00e8cle, \u00e9poque de construction de la chapelle Notre-Dame de Beauvoir de Beaumont de Pertuis, d&rsquo;autres \u00e9difices sacr\u00e9s du m\u00eame style se dressaient dans toute la Provence, formant un paysage religieux d&rsquo;une beaut\u00e9 saisissante.<\/p>\n<p><b>La Chapelle Notre-Dame de Beauvoir \u00e0 Beaumont de Pertuis : une perle romane<\/b><\/p>\n<p>La chapelle Notre-Dame de Beauvoir, nich\u00e9e sur les hauteurs de Beaumont de Pertuis, incarne \u00e0 la perfection la simplicit\u00e9 de l\u2019art roman du XIIe si\u00e8cle. \u00c9difi\u00e9e avec des pierres locales, elle se dresse modestement mais majestueusement, t\u00e9moignant de la ferveur religieuse de l&rsquo;\u00e9poque. Sa fa\u00e7ade<span class=\"Apple-converted-space\">\u00a0 <\/span>\u00e9l\u00e9gante, ses vo\u00fbtes en berceau et ses fen\u00eatres \u00e9troites offrent un aper\u00e7u de l&rsquo;esth\u00e9tique romane. Depuis que l\u2019on y a d\u00e9couvert des fresques murales exceptionnelles datant du XII\u00e8 si\u00e8cle, la chapelle Notre-Dame de Beauvoir redevient un v\u00e9ritable joyau du patrimoine religieux, rappelant aux visiteurs l&rsquo;importance de pr\u00e9server notre histoire et notre patrimoine.<\/p>\n<p>Au moment o\u00f9 la chapelle Notre-Dame de Beauvoir \u00e9tait en construction, d&rsquo;autres \u00e9glises et chapelles de style roman \u00e9mergeaient, t\u00e9moignant de l&rsquo;influence et de la popularit\u00e9 de l\u2019art sacr\u00e9 \u00e0 cette \u00e9poque.<\/p>\n<p><b>Abbaye Notre-Dame de S\u00e9nanque<\/b><\/p>\n<p>Situ\u00e9e dans la vall\u00e9e de S\u00e9nanque, l&rsquo;abbaye Notre-Dame de S\u00e9nanque est un chef-d&rsquo;\u0153uvre de l&rsquo;architecture cistercienne. Fond\u00e9e en 1148, elle se caract\u00e9rise par une sobri\u00e9t\u00e9 aust\u00e8re, typique de l&rsquo;art roman dans un cadre enchanteur au c\u0153ur d&rsquo;une nature pr\u00e9serv\u00e9e. Les visiteurs sont accueillis par une puret\u00e9 architecturale saisissante, propice \u00e0 la contemplation.<\/p>\n<p><b>\u00c9glise Notre-Dame-de-l\u2019Assomption \u00e0 Ansouis<\/b><\/p>\n<p>L&rsquo;\u00e9glise Notre-Dame-de-l\u2019Assomption \u00e0 Ansouis, date \u00e9galement du XIIe si\u00e8cle. Elle se d\u00e9marque par son clocher carr\u00e9 et ses sculptures en relief qui ornent son portail. \u00c0 l&rsquo;int\u00e9rieur, des vo\u00fbtes en berceau renforcent l&rsquo;ambiance solennelle de l&rsquo;\u00e9glise, rappelant aux fid\u00e8les la pr\u00e9sence divine.<\/p>\n<p><b>\u00c9glise Saint-Sixte \u00e0 Saignon<\/b><\/p>\n<p>L&rsquo;\u00e9glise Saint-Sixte de Saignon du XIIe si\u00e8cle, offre une vue panoramique imprenable sur le village m\u00e9di\u00e9val qui l&rsquo;entoure. Son architecture sobre et ses murs de pierre refl\u00e8tent l&rsquo;\u00e9l\u00e9gance propre \u00e0 l&rsquo;art roman, et l&rsquo;int\u00e9rieur d\u00e9voile des fresques et des sculptures qui racontent des r\u00e9cits bibliques intemporels.<\/p>\n<p><b>\u00c9glise Saint-V\u00e9ran \u00e0 Gordes<\/b><\/p>\n<p>Dominant fi\u00e8rement le village perch\u00e9 de Gordes, l&rsquo;\u00e9glise Saint-V\u00e9ran se fond harmonieusement dans le paysage environnant. Datant elle aussi du XIIe si\u00e8cle, elle pr\u00e9sente une fa\u00e7ade sobre, symbole de la pi\u00e9t\u00e9 et de la modestie des b\u00e2tisseurs de l\u2019\u00e9poque.<\/p>\n<p><b>Chapelle Saint-Quenin \u00e0 Vaison-la-Romaine<\/b><\/p>\n<p>La chapelle Saint-Quenin de Vaison-la-Romaine est une v\u00e9ritable p\u00e9pite romane situ\u00e9e au c\u0153ur de la cit\u00e9 m\u00e9di\u00e9vale. Bien qu&rsquo;en partie effac\u00e9es par le temps, ses fresques m\u00e9di\u00e9vales suscitent l&rsquo;\u00e9merveillement et nous plongent dans un univers mystique fascinant.<\/p>\n<p>Ces chapelles et \u00e9glises, contemporaines de la chapelle Notre-Dame de Beauvoir de Beaumont de Pertuis, illustrent l&rsquo;engouement pour l&rsquo;art roman en Provence au XIIe si\u00e8cle. Chaque \u00e9difice, avec ses caract\u00e9ristiques uniques, raconte une histoire, invitant les visiteurs d&rsquo;aujourd&rsquo;hui \u00e0 s&rsquo;\u00e9merveiller devant la beaut\u00e9 intemporelle de cet h\u00e9ritage sacr\u00e9. \u00c0 travers ces joyaux romanesques, nous sommes invit\u00e9s \u00e0 percer les myst\u00e8res du pass\u00e9 et \u00e0 ressentir l&rsquo;\u00e9cho \u00e9ternel de la d\u00e9votion et de la cr\u00e9ativit\u00e9 humaine.[\/vc_column_text]\t\t<\/div>\n\t<\/div>\n\t<\/div><\/div>[\/vc_column][\/vc_row][vc_row][vc_column][vc_gallery type=\u00a0\u00bbimage_grid\u00a0\u00bb images=\u00a0\u00bb21381,21382,21383,21384&Prime; img_size=\u00a0\u00bbmedium\u00a0\u00bb][\/vc_column][\/vc_row]<\/p>\n","protected":false},"excerpt":{"rendered":"<p>[vc_row content_width=\u00a0\u00bbgrid\u00a0\u00bb css=\u00a0\u00bb.vc_custom_1491569179737{padding-bottom: 90px !important;}\u00a0\u00bb][vc_column offset=\u00a0\u00bbvc_col-lg-6 vc_col-md-6 vc_col-xs-12&Prime;][vc_single_image image=\u00a0\u00bb20510&Prime; img_size=\u00a0\u00bbfull\u00a0\u00bb][vc_empty_space height=\u00a0\u00bb35px\u00a0\u00bb][vc_column_text] Mairie de Beaumont-de-Pertuis [\/vc_column_text][vc_empty_space height=\u00a0\u00bb35px\u00a0\u00bb][vc_empty_space][vc_column_text] Le mot de monsieur le maire [\/vc_column_text][vc_column_text] \u00ab\u00a0Souvenons-nous. L\u2019Aventure a commence\u0301 il y a quelques anne\u0301es, lorsque nous avons de\u0301couvert qu\u2019il y avait des peintures murales a\u0300 l\u2019inte\u0301rieur de la Chapelle Notre-Dame de Beauvoir. Et la DRAC que nous&#8230;<\/p>\n","protected":false},"author":1,"featured_media":0,"parent":0,"menu_order":0,"comment_status":"closed","ping_status":"closed","template":"","meta":[],"_links":{"self":[{"href":"https:\/\/amisnotredamedebeauvoir.com\/index.php\/wp-json\/wp\/v2\/pages\/20508"}],"collection":[{"href":"https:\/\/amisnotredamedebeauvoir.com\/index.php\/wp-json\/wp\/v2\/pages"}],"about":[{"href":"https:\/\/amisnotredamedebeauvoir.com\/index.php\/wp-json\/wp\/v2\/types\/page"}],"author":[{"embeddable":true,"href":"https:\/\/amisnotredamedebeauvoir.com\/index.php\/wp-json\/wp\/v2\/users\/1"}],"replies":[{"embeddable":true,"href":"https:\/\/amisnotredamedebeauvoir.com\/index.php\/wp-json\/wp\/v2\/comments?post=20508"}],"version-history":[{"count":30,"href":"https:\/\/amisnotredamedebeauvoir.com\/index.php\/wp-json\/wp\/v2\/pages\/20508\/revisions"}],"predecessor-version":[{"id":21389,"href":"https:\/\/amisnotredamedebeauvoir.com\/index.php\/wp-json\/wp\/v2\/pages\/20508\/revisions\/21389"}],"wp:attachment":[{"href":"https:\/\/amisnotredamedebeauvoir.com\/index.php\/wp-json\/wp\/v2\/media?parent=20508"}],"curies":[{"name":"wp","href":"https:\/\/api.w.org\/{rel}","templated":true}]}}