
{"id":20488,"date":"2023-02-25T16:50:44","date_gmt":"2023-02-25T15:50:44","guid":{"rendered":"http:\/\/hojfltm.cluster031.hosting.ovh.net\/?page_id=20488"},"modified":"2025-12-28T10:36:40","modified_gmt":"2025-12-28T09:36:40","slug":"lassociation-nddb","status":"publish","type":"page","link":"https:\/\/amisnotredamedebeauvoir.com\/index.php\/lassociation-nddb\/","title":{"rendered":"Les amis de Notre-Dame de Beauvoir"},"content":{"rendered":"\t\t<div data-elementor-type=\"wp-page\" data-elementor-id=\"20488\" class=\"elementor elementor-20488\">\n\t\t\t\t\t\t\t\t\t<section class=\"elementor-section elementor-top-section elementor-element elementor-element-35bd74c7 elementor-section-boxed elementor-section-height-default elementor-section-height-default edgtf-elementor-container-no edgtf-section edgtf-parallax-section-holder-touch-disabled edgtf-parallax-section-no\" data-id=\"35bd74c7\" data-element_type=\"section\">\n\t\t\t\t\t\t<div class=\"elementor-container elementor-column-gap-default\">\n\t\t\t\t\t<div class=\"elementor-column elementor-col-100 elementor-top-column elementor-element elementor-element-33a5bb24\" data-id=\"33a5bb24\" data-element_type=\"column\">\n\t\t\t<div class=\"elementor-widget-wrap elementor-element-populated\">\n\t\t\t\t\t\t\t\t<div class=\"elementor-element elementor-element-19e396bf elementor-widget elementor-widget-text-editor\" data-id=\"19e396bf\" data-element_type=\"widget\" data-widget_type=\"text-editor.default\">\n\t\t\t\t<div class=\"elementor-widget-container\">\n\t\t\t<style>\/*! elementor - v3.12.2 - 23-04-2023 *\/\n.elementor-widget-text-editor.elementor-drop-cap-view-stacked .elementor-drop-cap{background-color:#69727d;color:#fff}.elementor-widget-text-editor.elementor-drop-cap-view-framed .elementor-drop-cap{color:#69727d;border:3px solid;background-color:transparent}.elementor-widget-text-editor:not(.elementor-drop-cap-view-default) .elementor-drop-cap{margin-top:8px}.elementor-widget-text-editor:not(.elementor-drop-cap-view-default) .elementor-drop-cap-letter{width:1em;height:1em}.elementor-widget-text-editor .elementor-drop-cap{float:left;text-align:center;line-height:1;font-size:50px}.elementor-widget-text-editor .elementor-drop-cap-letter{display:inline-block}<\/style>\t\t\t\t<p>[vc_row content_width=\u00a0\u00bbgrid\u00a0\u00bb css=\u00a0\u00bb.vc_custom_1490864332827{padding-bottom: 100px !important;background-image: url(https:\/\/goodwish.qodeinteractive.com\/wp-content\/uploads\/2017\/03\/page-img-about-1.jpg?id=13912) !important;background-position: center !important;background-repeat: no-repeat !important;background-size: cover !important;}\u00a0\u00bb][vc_column offset=\u00a0\u00bbvc_col-lg-4 vc_col-md-12 vc_col-xs-12&Prime;]<div class=\"edgtf-elements-holder edgtf-responsive-mode-768\" ><div class=\"edgtf-elements-holder-item \" data-item-class=\"edgtf-elements-holder-custom-654069\" data-1280-1600=\"2% 2% 2% 2%\" data-1024-1280=\"2% 2% 2% 2%\" data-768-1024=\"2% 2% 2% 2%\" data-600-768=\"2% 2% 2% 2%\" data-480-600=\"2% 2% 2% 2%\" data-480=\"2% 2% 2% 2%\" >\n\t\t<div class=\"edgtf-elements-holder-item-inner\">\n\t\t<div class=\"edgtf-elements-holder-item-content edgtf-elements-holder-custom-654069\" style=\"padding: 2% 2% 2% 2%\">\n\t\t\t<h3 class=\"edgtf-title-with-number\" >\n\t<span class=\"edgtf-twn-number\">01<\/span>Nos actions<\/h3>[vc_empty_space height=\u00a0\u00bb35px\u00a0\u00bb][vc_column_text]L\u2019objectif principal de l\u2019association <em>Les amis de Notre-Dame de Beauvoir<\/em> est de tout mettre en \u0153uvre pour trouver les soutiens financiers n\u00e9cessaires \u00e0 la r\u00e9novation des fresques de la chapelle Notre-Dame de Beauvoir.<br \/>Dans ce but, l&rsquo;association communique sur ses projets, organise des concerts, des publications, des conf\u00e9rences.<\/p><p>Dans le futur, des objectifs culturels, touristiques et p\u00e9dagogiques l&rsquo;ouvriront \u00e0 un plus large public.[\/vc_column_text][vc_empty_space height=\u00a0\u00bb35px\u00a0\u00bb][vc_empty_space height=\u00a0\u00bb35px\u00a0\u00bb]\t\t<\/div>\n\t<\/div>\n\t<\/div><\/div>[\/vc_column][vc_column offset=\u00a0\u00bbvc_col-lg-4 vc_col-md-12 vc_col-xs-12&Prime;]<div class=\"edgtf-elements-holder edgtf-responsive-mode-768\" ><div class=\"edgtf-elements-holder-item \" data-item-class=\"edgtf-elements-holder-custom-607803\" data-1280-1600=\"2% 0% 2% 2%\" data-1024-1280=\"2% 2% 2% 2%\" data-768-1024=\"2% 2% 2% 2%\" data-600-768=\"2% 2% 2% 2%\" data-480-600=\"2% 2% 2% 2%\" data-480=\"2% 2% 2% 2%\" >\n\t\t<div class=\"edgtf-elements-holder-item-inner\">\n\t\t<div class=\"edgtf-elements-holder-item-content edgtf-elements-holder-custom-607803\" style=\"padding: 2% 2% 2% 2%\">\n\t\t\t<h3 class=\"edgtf-title-with-number\" >\n\t<span class=\"edgtf-twn-number\">02<\/span>Notre histoire<\/h3>[vc_empty_space height=\u00a0\u00bb35px\u00a0\u00bb][vc_column_text]La premi\u00e8re mission de l\u2019association a \u00e9t\u00e9 de r\u00e9aliser l\u2019historique de la chapelle.<br \/>Puis les fresques ont \u00e9t\u00e9 d\u00e9couvertes, en 2008 \u00e0 l\u2019occasion de la premi\u00e8re campagne de restauration. Conscients de l\u2019importance de cet \u00e9v\u00e8nement et soutenus par la mairie, les conservateurs et arch\u00e9ologues d\u00e9partementaux ainsi que la DRAC, un premier rapport d\u2019\u00e9tude et de conservation est r\u00e9alis\u00e9.<br \/>En 2021, l&rsquo;association sort d&rsquo;une mise en veille de quelques ann\u00e9es lorsqu&rsquo;un projet municipal d\u00e9cide de relancer la restauration des fresques (la mairie \u00e9tant propri\u00e9taire de la chapelle). Nous sommes de plus en plus nombreux et, gr\u00e2ce \u00e0 la collaboration de nombreux partenaires s\u00e9duits par notre patrimoine, nous progressons \u00e0 grands pas.[\/vc_column_text]\t\t<\/div>\n\t<\/div>\n\t<\/div><\/div>[\/vc_column][vc_column offset=\u00a0\u00bbvc_col-lg-4 vc_col-md-12 vc_col-xs-12&Prime;]<div class=\"edgtf-elements-holder edgtf-responsive-mode-768\" ><div class=\"edgtf-elements-holder-item \" data-item-class=\"edgtf-elements-holder-custom-528948\" data-1280-1600=\"2% 2% 2% 2%\" data-1024-1280=\"2% 2% 2% 2%\" data-768-1024=\"2% 2% 2% 2%\" data-600-768=\"2% 2% 2% 2%\" data-480-600=\"2% 2% 2% 2%\" data-480=\"2% 2% 2% 2%\" >\n\t\t<div class=\"edgtf-elements-holder-item-inner\">\n\t\t<div class=\"edgtf-elements-holder-item-content edgtf-elements-holder-custom-528948\" style=\"padding: 2% 2% 2% 2%\">\n\t\t\t<h3 class=\"edgtf-title-with-number\" >\n\t<span class=\"edgtf-twn-number\">03<\/span>Notre fonctionnement<\/h3>[vc_empty_space height=\u00a0\u00bb35px\u00a0\u00bb][vc_column_text]Cr\u00e9\u00e9e en 2002, \u00ab\u00a0Les Amis de Notre-Dame de Beauvoir\u00a0\u00bb est une association qui inscrit son projet dans une dimension d\u2019int\u00e9r\u00eat g\u00e9n\u00e9ral en s\u2019ouvrant \u00e0 tous les publics. Elle est \u00e0 but non lucratif, la\u00efque et apolitique.<br \/>Pr\u00e9sident : Jacques Paumard<br \/>Secr\u00e9taire : Claire Ladouari<br \/>Tr\u00e9sorier : Didier Tanguy<br \/>Membres de droit : le Maire et le Cur\u00e9 de Beaumont-de-Pertuis.<br \/>L\u2019association est ouverte \u00e0 toute personne qui s\u2019acquitte d\u2019une cotisation annuelle d\u2019un montant de 10 \u20ac par personne ou 15 \u20ac pour un couple ou une famille. <a href=\"https:\/\/amisnotredamedebeauvoir.com\/wp-content\/uploads\/2025\/12\/Flyer-Adhesion-et-Don-2026.pdf\">Flyer Adh\u00e9sion et Don 2026<\/a><\/p><p>[\/vc_column_text][vc_empty_space height=\u00a0\u00bb30px\u00a0\u00bb]\t\t<\/div>\n\t<\/div>\n\t<\/div><\/div>[\/vc_column][\/vc_row][vc_row content_aligment=\u00a0\u00bbcenter\u00a0\u00bb css=\u00a0\u00bb.vc_custom_1492506469972{padding-top: 40px !important;padding-bottom: 40px !important;background-color: #fcbf48 !important;}\u00a0\u00bb][vc_column][vc_row_inner][vc_column_inner]\t<div class=\"edgtf-container-inner\">\n\t<div class=\"edgtf-call-to-action normal\" style=\"background-color: #fcbf48;\">\n\n\t\t\t\t\t<div class=\"edgtf-call-to-action-row-75-25 clearfix\" style=\"padding: 20px;\">\n\t\t\t\t\t\t<div class=\"edgtf-text-wrapper edgtf-call-to-action-column1 edgtf-call-to-action-cell \">\n\t\t\t\t\t<div class=\"edgtf-call-to-action-text\" style=\"text-align: center\"><h2><span style=\"color: #ffffff;\">Rejoignez-nous dans cette incroyable aventure !<br \/><\/span><\/h2>\t\t\t\t\t\t\t\t\t\t\t<\/div>\n\t\t\t\t<\/div>\n\n\t\t\t\t\t\t\t\t\t<div class=\"edgtf-button-wrapper edgtf-call-to-action-column2 edgtf-call-to-action-cell\" style =\"text-align: right ;\">\n\t\t\t\t\t\t<a itemprop=\"url\" href=\"https:\/\/amisnotredamedebeauvoir.com\/index.php\/contactez-nous\/\" target=\"_blank\" style=\"color: #ffffff;background-color: rgba(252,191,72,0.01);border-color: #ffffff\" class=\"edgtf-btn edgtf-btn-large edgtf-btn-solid edgtf-btn-custom-hover-bg edgtf-btn-custom-hover-color\" data-hover-bg-color=\"#ffffff\" data-hover-color=\"#212121\" >\t<span class=\"edgtf-btn-text\">Contact<\/span>    <\/a>\t\t\t\t\t<\/div>\n\t\t\t\t\t\t\t<\/div>\n\t\t\t<\/div>\n\t<\/div>\n[\/vc_column_inner][\/vc_row_inner][\/vc_column][\/vc_row]<\/p>\t\t\t\t\t\t<\/div>\n\t\t\t\t<\/div>\n\t\t\t\t\t<\/div>\n\t\t<\/div>\n\t\t\t\t\t\t\t<\/div>\n\t\t<\/section>\n\t\t\t\t\t\t\t<\/div>\n\t\t","protected":false},"excerpt":{"rendered":"<p>[vc_row content_width=\u00a0\u00bbgrid\u00a0\u00bb css=\u00a0\u00bb.vc_custom_1490864332827{padding-bottom: 100px !important;background-image: url(https:\/\/goodwish.qodeinteractive.com\/wp-content\/uploads\/2017\/03\/page-img-about-1.jpg?id=13912) !important;background-position: center !important;background-repeat: no-repeat !important;background-size: cover !important;}\u00a0\u00bb][vc_column offset=\u00a0\u00bbvc_col-lg-4 vc_col-md-12 vc_col-xs-12&Prime;][\/vc_column][vc_column offset=\u00a0\u00bbvc_col-lg-4 vc_col-md-12 vc_col-xs-12&Prime;][\/vc_column][vc_column offset=\u00a0\u00bbvc_col-lg-4 vc_col-md-12 vc_col-xs-12&Prime;][\/vc_column][\/vc_row][vc_row content_aligment=\u00a0\u00bbcenter\u00a0\u00bb css=\u00a0\u00bb.vc_custom_1492506469972{padding-top: 40px !important;padding-bottom: 40px !important;background-color: #fcbf48 !important;}\u00a0\u00bb][vc_column][vc_row_inner][vc_column_inner][\/vc_column_inner][\/vc_row_inner][\/vc_column][\/vc_row]<\/p>\n","protected":false},"author":1,"featured_media":0,"parent":0,"menu_order":0,"comment_status":"closed","ping_status":"closed","template":"","meta":[],"_links":{"self":[{"href":"https:\/\/amisnotredamedebeauvoir.com\/index.php\/wp-json\/wp\/v2\/pages\/20488"}],"collection":[{"href":"https:\/\/amisnotredamedebeauvoir.com\/index.php\/wp-json\/wp\/v2\/pages"}],"about":[{"href":"https:\/\/amisnotredamedebeauvoir.com\/index.php\/wp-json\/wp\/v2\/types\/page"}],"author":[{"embeddable":true,"href":"https:\/\/amisnotredamedebeauvoir.com\/index.php\/wp-json\/wp\/v2\/users\/1"}],"replies":[{"embeddable":true,"href":"https:\/\/amisnotredamedebeauvoir.com\/index.php\/wp-json\/wp\/v2\/comments?post=20488"}],"version-history":[{"count":37,"href":"https:\/\/amisnotredamedebeauvoir.com\/index.php\/wp-json\/wp\/v2\/pages\/20488\/revisions"}],"predecessor-version":[{"id":22710,"href":"https:\/\/amisnotredamedebeauvoir.com\/index.php\/wp-json\/wp\/v2\/pages\/20488\/revisions\/22710"}],"wp:attachment":[{"href":"https:\/\/amisnotredamedebeauvoir.com\/index.php\/wp-json\/wp\/v2\/media?parent=20488"}],"curies":[{"name":"wp","href":"https:\/\/api.w.org\/{rel}","templated":true}]}}