
{"id":20401,"date":"2023-02-23T11:22:06","date_gmt":"2023-02-23T10:22:06","guid":{"rendered":"http:\/\/hojfltm.cluster031.hosting.ovh.net\/?page_id=20401"},"modified":"2023-03-10T09:08:16","modified_gmt":"2023-03-10T08:08:16","slug":"histoire-de-la-chapelle","status":"publish","type":"page","link":"https:\/\/amisnotredamedebeauvoir.com\/index.php\/histoire-de-la-chapelle\/","title":{"rendered":"Histoire de la chapelle"},"content":{"rendered":"<p>[vc_row content_width=\u00a0\u00bbgrid\u00a0\u00bb css=\u00a0\u00bb.vc_custom_1490864332827{padding-bottom: 100px !important;background-image: url(https:\/\/goodwish.qodeinteractive.com\/wp-content\/uploads\/2017\/03\/page-img-about-1.jpg?id=13912) !important;background-position: center !important;background-repeat: no-repeat !important;background-size: cover !important;}\u00a0\u00bb][vc_column offset=\u00a0\u00bbvc_col-lg-4 vc_col-md-12 vc_col-xs-12&Prime;]<div class=\"edgtf-elements-holder edgtf-responsive-mode-768\" ><div class=\"edgtf-elements-holder-item \" data-item-class=\"edgtf-elements-holder-custom-152748\" data-1280-1600=\"2% 2% 2% 2%\" data-1024-1280=\"2% 2% 2% 2%\" data-768-1024=\"2% 2% 2% 2%\" data-600-768=\"2% 2% 2% 2%\" data-480-600=\"2% 2% 2% 2%\" data-480=\"2% 2% 2% 2%\" >\n\t\t<div class=\"edgtf-elements-holder-item-inner\">\n\t\t<div class=\"edgtf-elements-holder-item-content edgtf-elements-holder-custom-152748\" style=\"padding: 2% 2% 2% 2%\">\n\t\t\t<h3 class=\"edgtf-title-with-number\" >\n\t<span class=\"edgtf-twn-number\">01<\/span>Au XI\u00e8 si\u00e8cle<\/h3>[vc_empty_space height=\u00a0\u00bb35px\u00a0\u00bb][vc_column_text]La chapelle Notre-Dame de Beauvoir appara\u00eet pour la premi\u00e8re fois dans les archives en 1079. Elle est mentionn\u00e9e comme prieur\u00e9 de l\u2019abbaye Saint-Victor de Marseille.<br \/>\nUne date inscrite sur l\u2019arc d\u2019entr\u00e9e de la chapelle lat\u00e9rale sud, \u00ab1555 et le moy de mai\u00a0\u00bb, atteste de travaux de construction ou de restauration. Elle devait alors \u00eatre en bon \u00e9tat puisqu\u2019elle re\u00e7ut le 31 ao\u00fbt 1582 la visite de l\u2019archev\u00eaque d\u2019Aix-en-Provence.<br \/>\nLe 14 f\u00e9vrier 1709, un tremblement de terre mit en p\u00e9ril l\u2019\u00e9glise du village qui mena\u00e7a de s\u2019effondrer. Ainsi pendant quelques mois la population devra sortir du village pour aller prier \u00e0 l\u2019\u00e9glise <em>vielle Nostre Dame de Beauveser, <\/em>notre chapelle. C\u2019\u00e9tait peu pratique et tr\u00e8s vite, \u00e0 la demande des pr\u00eatres, peut-\u00eatre fatigu\u00e9s des allers-retours \u00e0 la chapelle, une maison du village servira de lieu de culte.<br \/>\nDepuis la R\u00e9volution, la chapelle appartient \u00e0 la commune et peut \u00eatre utilis\u00e9e comme lieu de culte secondaire. Aujourd\u2019hui, en raison des projets de restauration, elle est bien s\u00fbr, ferm\u00e9e au public.[\/vc_column_text][vc_empty_space height=\u00a0\u00bb35px\u00a0\u00bb][vc_column_text][\/vc_column_text][vc_empty_space height=\u00a0\u00bb35px\u00a0\u00bb]\t\t<\/div>\n\t<\/div>\n\t<\/div><\/div>[\/vc_column][vc_column offset=\u00a0\u00bbvc_col-lg-4 vc_col-md-12 vc_col-xs-12&Prime;]<div class=\"edgtf-elements-holder edgtf-responsive-mode-768\" ><div class=\"edgtf-elements-holder-item \" data-item-class=\"edgtf-elements-holder-custom-694800\" data-1280-1600=\"2% 0% 2% 2%\" data-1024-1280=\"2% 2% 2% 2%\" data-768-1024=\"2% 2% 2% 2%\" data-600-768=\"2% 2% 2% 2%\" data-480-600=\"2% 2% 2% 2%\" data-480=\"2% 2% 2% 2%\" >\n\t\t<div class=\"edgtf-elements-holder-item-inner\">\n\t\t<div class=\"edgtf-elements-holder-item-content edgtf-elements-holder-custom-694800\" style=\"padding: 2% 2% 2% 2%\">\n\t\t\t<h3 class=\"edgtf-title-with-number\" >\n\t<span class=\"edgtf-twn-number\">02<\/span>Architecture<\/h3>[vc_empty_space height=\u00a0\u00bb35px\u00a0\u00bb][vc_column_text]\u00c0 l\u2019origine, elle \u00e9tait certainement plus petite et plus basse. Le plan en croix latine r\u00e9sulte de remaniements tardifs et de l&rsquo;adjonction de deux chapelles lat\u00e9rales vo\u00fbt\u00e9es en berceau (XVIe si\u00e8cle) pr\u00e8s du ch\u0153ur. L&rsquo;entr\u00e9e principale est am\u00e9nag\u00e9e dans la fa\u00e7ade ouest. L\u2019\u00e9difice se d\u00e9veloppe sur une vingtaine de m\u00e8tres de longueur pour une largeur variant d&rsquo;environ 8 m pour la nef \u00e0 une quinzaine de m\u00e8tres au niveau des chapelles.<br \/>\nLa porte couverte d\u2019un arc en plein centre, la fen\u00eatre haute rectangulaire \u00e0 embrasure \u00e9vas\u00e9e ainsi que la qualit\u00e9 de l\u2019appareillage des moellons semblent attester d\u2019une datation entre le XIIIe et le d\u00e9but du XIVe si\u00e8cle.<br \/>\nOn ne sait rien du couvrement de la chapelle m\u00e9di\u00e9vale car le plafond et l\u2019enduit emp\u00eachent toute observation. L\u2019\u00e9difice \u00e9tait-il couvert d\u2019une vo\u00fbte ou simplement charpent\u00e9? Myst\u00e8re.[\/vc_column_text][vc_empty_space height=\u00a0\u00bb35px\u00a0\u00bb]<div class=\"edgtf-separator-holder clearfix  edgtf-separator-left\">\n\t<div class=\"edgtf-separator\" style=\"border-color: #e7e7e7;width: 100%;border-bottom-width: 2px\"><\/div>\n<\/div>\n[vc_empty_space height=\u00a0\u00bb35px\u00a0\u00bb][vc_empty_space height=\u00a0\u00bb35px\u00a0\u00bb][vc_empty_space height=\u00a0\u00bb35px\u00a0\u00bb]\t\t<\/div>\n\t<\/div>\n\t<\/div><\/div>[\/vc_column][vc_column offset=\u00a0\u00bbvc_col-lg-4 vc_col-md-12 vc_col-xs-12&Prime;]<div class=\"edgtf-elements-holder edgtf-responsive-mode-768\" ><div class=\"edgtf-elements-holder-item \" data-item-class=\"edgtf-elements-holder-custom-408698\" data-1280-1600=\"2% 2% 2% 2%\" data-1024-1280=\"2% 2% 2% 2%\" data-768-1024=\"2% 2% 2% 2%\" data-600-768=\"2% 2% 2% 2%\" data-480-600=\"2% 2% 2% 2%\" data-480=\"2% 2% 2% 2%\" >\n\t\t<div class=\"edgtf-elements-holder-item-inner\">\n\t\t<div class=\"edgtf-elements-holder-item-content edgtf-elements-holder-custom-408698\" style=\"padding: 2% 2% 2% 2%\">\n\t\t\t<h3 class=\"edgtf-title-with-number\" >\n\t<span class=\"edgtf-twn-number\">03<\/span>Class\u00e9e aux MH<\/h3>[vc_empty_space height=\u00a0\u00bb35px\u00a0\u00bb][vc_column_text]Gr\u00e2ce au travail de ces premiers \u00ab d\u00e9couvreurs \u00bb, la chapelle est class\u00e9e dans sa totalit\u00e9 au titre des Monuments historiques, le 16 d\u00e9cembre 2011. Elle est enregistr\u00e9e comme telle dans la Base M\u00e9rim\u00e9e:<br \/>\n\u00ab <em>Il s&rsquo;agit d&rsquo;une chapelle romane du 12\u00e8\u00a0 si\u00e8cle, modifi\u00e9e au 13\u00e8 ou au 14\u00e8 si\u00e8cle par l&rsquo;agrandissement de la nef, suivi d&rsquo;une campagne de travaux au 16\u00e8me si\u00e8cle et d&rsquo;am\u00e9nagements r\u00e9alis\u00e9s au 18\u00e8 si\u00e8cle. Des peintures ont \u00e9t\u00e9 mises au jour en 2008 et sont dat\u00e9es du 12\u00e8 si\u00e8cle. Le programme peint s&rsquo;\u00e9tend principalement sur le mur nord de la chapelle. Les sc\u00e8nes actuellement visibles repr\u00e9sentent l&rsquo;entr\u00e9e \u00e0 J\u00e9rusalem, ainsi qu&rsquo;une C\u00e8ne et un archange. La datation de ces d\u00e9cors ainsi que l&rsquo;ampleur du programme conf\u00e8rent toute sa valeur \u00e0 cette modeste chapelle.<\/em> \u00bb[\/vc_column_text][vc_column_text]Il faudra attendre 2021 pour que la mairie de Beaumont-de-Pertuis ainsi que l\u2019association <em>Les amis de Notre-Dame de Beauvoir<\/em> reprennent le projet de sauvegarde de la chapelle. Une \u00c9tude et des Analyses sont r\u00e9alis\u00e9es en 2022 par l\u2019agence FABRICA TRACEORUM de Marseille et par la soci\u00e9t\u00e9 de restauration SINOPIA. Les r\u00e9sultats publi\u00e9s en 2023, permettront de d\u00e9cider de l\u2019avenir de ce tr\u00e9sor peint il y a plus de 800 ans.[\/vc_column_text][vc_empty_space height=\u00a0\u00bb30px\u00a0\u00bb][vc_empty_space height=\u00a0\u00bb35px\u00a0\u00bb]\t\t<\/div>\n\t<\/div>\n\t<\/div><\/div>[\/vc_column][\/vc_row][vc_row content_aligment=\u00a0\u00bbcenter\u00a0\u00bb css=\u00a0\u00bb.vc_custom_1677258065768{padding-top: 40px !important;padding-bottom: 40px !important;background-color: #ffb422 !important;}\u00a0\u00bb][vc_column][vc_row_inner][vc_column_inner]\t<div class=\"edgtf-container-inner\">\n\t<div class=\"edgtf-call-to-action normal\" style=\"background-color: #ffb422;\">\n\n\t\t\t\t\t<div class=\"edgtf-call-to-action-row-75-25 clearfix\" style=\"padding: 20px;\">\n\t\t\t\t\t\t<div class=\"edgtf-text-wrapper edgtf-call-to-action-column1 edgtf-call-to-action-cell left\">\n\t\t\t\t\t<div class=\"edgtf-call-to-action-text\" style=\"text-align: left\"><span style=\"color: #ffffff;\">Pour en savoir plus sur la chapelle Notre-Dame de Beauvoir\u2026<br \/>\n<\/span>\t\t\t\t\t\t\t\t\t\t\t<\/div>\n\t\t\t\t<\/div>\n\n\t\t\t\t\t\t\t\t\t<div class=\"edgtf-button-wrapper edgtf-call-to-action-column2 edgtf-call-to-action-cell\" style =\"text-align: right ;\">\n\t\t\t\t\t\t<a itemprop=\"url\" href=\"https:\/\/amisnotredamedebeauvoir.com\/index.php\/contactez-nous\/\" target=\"_blank\" style=\"color: #ffffff;background-color: rgba(252,191,72,0.01);border-color: #ffffff\" class=\"edgtf-btn edgtf-btn-large edgtf-btn-solid edgtf-btn-custom-hover-bg edgtf-btn-custom-hover-color\" data-hover-bg-color=\"#ffffff\" data-hover-color=\"#212121\" >\t<span class=\"edgtf-btn-text\">Contactez-nous<\/span>    <\/a>\t\t\t\t\t<\/div>\n\t\t\t\t\t\t\t<\/div>\n\t\t\t<\/div>\n\t<\/div>\n[\/vc_column_inner][\/vc_row_inner][\/vc_column][\/vc_row][vc_row][vc_column]<div class=\"edgtf-image-gallery\">\n\t<div class=\"edgtf-image-gallery-slider\" data-autoplay=\"3\" data-animation=\"slide\" data-navigation=\"yes\" data-pagination=\"yes\">\n\t\t\t<\/div>\n<\/div>[\/vc_column][\/vc_row]<\/p>\n","protected":false},"excerpt":{"rendered":"<p>[vc_row content_width=\u00a0\u00bbgrid\u00a0\u00bb css=\u00a0\u00bb.vc_custom_1490864332827{padding-bottom: 100px !important;background-image: url(https:\/\/goodwish.qodeinteractive.com\/wp-content\/uploads\/2017\/03\/page-img-about-1.jpg?id=13912) !important;background-position: center !important;background-repeat: no-repeat !important;background-size: cover !important;}\u00a0\u00bb][vc_column offset=\u00a0\u00bbvc_col-lg-4 vc_col-md-12 vc_col-xs-12&Prime;][\/vc_column][vc_column offset=\u00a0\u00bbvc_col-lg-4 vc_col-md-12 vc_col-xs-12&Prime;][\/vc_column][vc_column offset=\u00a0\u00bbvc_col-lg-4 vc_col-md-12 vc_col-xs-12&Prime;][\/vc_column][\/vc_row][vc_row content_aligment=\u00a0\u00bbcenter\u00a0\u00bb css=\u00a0\u00bb.vc_custom_1677258065768{padding-top: 40px !important;padding-bottom: 40px !important;background-color: #ffb422 !important;}\u00a0\u00bb][vc_column][vc_row_inner][vc_column_inner][\/vc_column_inner][\/vc_row_inner][\/vc_column][\/vc_row][vc_row][vc_column][\/vc_column][\/vc_row]<\/p>\n","protected":false},"author":1,"featured_media":0,"parent":0,"menu_order":0,"comment_status":"closed","ping_status":"closed","template":"","meta":[],"_links":{"self":[{"href":"https:\/\/amisnotredamedebeauvoir.com\/index.php\/wp-json\/wp\/v2\/pages\/20401"}],"collection":[{"href":"https:\/\/amisnotredamedebeauvoir.com\/index.php\/wp-json\/wp\/v2\/pages"}],"about":[{"href":"https:\/\/amisnotredamedebeauvoir.com\/index.php\/wp-json\/wp\/v2\/types\/page"}],"author":[{"embeddable":true,"href":"https:\/\/amisnotredamedebeauvoir.com\/index.php\/wp-json\/wp\/v2\/users\/1"}],"replies":[{"embeddable":true,"href":"https:\/\/amisnotredamedebeauvoir.com\/index.php\/wp-json\/wp\/v2\/comments?post=20401"}],"version-history":[{"count":31,"href":"https:\/\/amisnotredamedebeauvoir.com\/index.php\/wp-json\/wp\/v2\/pages\/20401\/revisions"}],"predecessor-version":[{"id":20875,"href":"https:\/\/amisnotredamedebeauvoir.com\/index.php\/wp-json\/wp\/v2\/pages\/20401\/revisions\/20875"}],"wp:attachment":[{"href":"https:\/\/amisnotredamedebeauvoir.com\/index.php\/wp-json\/wp\/v2\/media?parent=20401"}],"curies":[{"name":"wp","href":"https:\/\/api.w.org\/{rel}","templated":true}]}}