
{"id":20381,"date":"2023-02-22T17:03:21","date_gmt":"2023-02-22T16:03:21","guid":{"rendered":"http:\/\/hojfltm.cluster031.hosting.ovh.net\/?page_id=20381"},"modified":"2023-04-20T09:49:55","modified_gmt":"2023-04-20T07:49:55","slug":"decouverte-des-fresques","status":"publish","type":"page","link":"https:\/\/amisnotredamedebeauvoir.com\/index.php\/decouverte-des-fresques\/","title":{"rendered":"D\u00e9couverte des fresques"},"content":{"rendered":"<p>[vc_row content_width=\u00a0\u00bbgrid\u00a0\u00bb css=\u00a0\u00bb.vc_custom_1490864332827{padding-bottom: 100px !important;background-image: url(https:\/\/goodwish.qodeinteractive.com\/wp-content\/uploads\/2017\/03\/page-img-about-1.jpg?id=13912) !important;background-position: center !important;background-repeat: no-repeat !important;background-size: cover !important;}\u00a0\u00bb][vc_column offset=\u00a0\u00bbvc_col-lg-4 vc_col-md-12 vc_col-xs-12&Prime;]<div class=\"edgtf-elements-holder edgtf-responsive-mode-768\" ><div class=\"edgtf-elements-holder-item \" data-item-class=\"edgtf-elements-holder-custom-432474\" data-1280-1600=\"2% 2% 2% 2%\" data-1024-1280=\"2% 2% 2% 2%\" data-768-1024=\"2% 2% 2% 2%\" data-600-768=\"2% 2% 2% 2%\" data-480-600=\"2% 2% 2% 2%\" data-480=\"2% 2% 2% 2%\" >\n\t\t<div class=\"edgtf-elements-holder-item-inner\">\n\t\t<div class=\"edgtf-elements-holder-item-content edgtf-elements-holder-custom-432474\" style=\"padding: 2% 2% 2% 2%\">\n\t\t\t<h3 class=\"edgtf-title-with-number\" >\n\t<span class=\"edgtf-twn-number\">01<\/span>La d\u00e9couverte<\/h3>[vc_empty_space height=\u00a0\u00bb35px\u00a0\u00bb][vc_column_text]D\u00e8s sa cr\u00e9ation en 2002, l\u2019association <em>Les amis de Notre-Dame de Beauvoir<\/em> entreprend les premi\u00e8res d\u00e9marches en vue de restaurer la petite chapelle Notre-Dame de Beauvoir perch\u00e9e au bord du village de Beaumont-de-Pertuis. En 2005, Fran\u00e7ois Guyonnet, attach\u00e9 au Service d\u2019Arch\u00e9ologie de Vaucluse, r\u00e9alisera un premier compte-rendu de visite de la chapelle. Une inscription sur la liste de l\u2019inventaire suppl\u00e9mentaire des Monuments Historiques lui para\u00eet d\u00e8s lors, justifi\u00e9e.<br \/>\nCe fut le point de d\u00e9part d\u2019une incroyable aventure car lorsque l\u2019on commence \u00e0 gratter les enduits, des couleurs et des motifs apparaissent magiquement.<br \/>\nFran\u00e7ois Guyonnet revient sur les lieux avec \u00c8ve Duperray, conservateur en chef d\u00e9partemental du patrimoine. Ils identifient l\u2019un des premiers d\u00e9cors romans peint en Provence.[\/vc_column_text][vc_empty_space height=\u00a0\u00bb35px\u00a0\u00bb][vc_column_text]Les Ateliers de Restauration Brice Moulinier seront missionn\u00e9s en 2009 pour r\u00e9aliser une \u00e9tude approfondie de la totalit\u00e9 des murs de la chapelle. Le restaurateur confirmera \u00ab<strong> l\u2019int\u00e9r\u00eat exceptionnel de ces peintures dat\u00e9es du dernier quart du XIIe si\u00e8cle<\/strong> \u00bb.[\/vc_column_text][vc_empty_space height=\u00a0\u00bb35px\u00a0\u00bb][vc_column_text]\u00c0 Beaumont, ces peintures exceptionnelles uniques en Provence-Alpes C\u00f4te d&rsquo;Azur, masqu\u00e9es depuis des si\u00e8cles, reverront ainsi le jour avec <strong>la remise de la chapelle dans son \u00e9tat m\u00e9di\u00e9val.<\/strong>[\/vc_column_text]\t\t<\/div>\n\t<\/div>\n\t<\/div><\/div>[\/vc_column][vc_column offset=\u00a0\u00bbvc_col-lg-4 vc_col-md-12 vc_col-xs-12&Prime;]<div class=\"edgtf-elements-holder edgtf-responsive-mode-768\" ><div class=\"edgtf-elements-holder-item \" data-item-class=\"edgtf-elements-holder-custom-949067\" data-1280-1600=\"2% 0% 2% 2%\" data-1024-1280=\"2% 2% 2% 2%\" data-768-1024=\"2% 2% 2% 2%\" data-600-768=\"2% 2% 2% 2%\" data-480-600=\"2% 2% 2% 2%\" data-480=\"2% 2% 2% 2%\" >\n\t\t<div class=\"edgtf-elements-holder-item-inner\">\n\t\t<div class=\"edgtf-elements-holder-item-content edgtf-elements-holder-custom-949067\" style=\"padding: 2% 2% 2% 2%\">\n\t\t\t<h3 class=\"edgtf-title-with-number\" >\n\t<span class=\"edgtf-twn-number\">02<\/span>Iconographie<\/h3>[vc_empty_space height=\u00a0\u00bb35px\u00a0\u00bb][vc_column_text]\u00a0\u00bbLa sc\u00e8ne qui se laisse devin\u00e9e le plus facilement est celle de <em>L\u2019Entr\u00e9e \u00e0 J\u00e9rusalem<\/em>, visible sur le mur nord. On y reconnait la repr\u00e9sentation classique du Christ et de l\u2019\u00e2non, derri\u00e8re les douze ap\u00f4tres dont les trois premiers sont visibles. En bas de l\u2019image, Lazare jette son manteau sous les pieds de l\u2019\u00e2nesse. C\u2019est un th\u00e8me n\u00e9o-testamentaire qui s\u2019inscrit dans un cycle de <em>La Passion \u2013C\u00e8ne, Christ au Jardin des Oliviers, Crucifixion<\/em>\u2026<br \/>\nLa sc\u00e8ne suivante serait celle des <em>Saintes femmes au tombeau<\/em>. Un peu plus loin, Saint Michel reconnaissable \u00e0 ses ailes et sa lance est accompagn\u00e9 d\u2019un <em>\u00e9lu<\/em> qui monte au ciel.[\/vc_column_text][vc_empty_space height=\u00a0\u00bb35px\u00a0\u00bb][vc_column_text]Dans l\u2019abside, tout a disparu. Mais, cette place noble entre toutes devait s\u00fbrement \u00eatre occup\u00e9e par un <em>Christ du Jugement dernier<\/em>.<br \/>\nLes d\u00e9cors montrent des tours cr\u00e9nel\u00e9es, des murs de pierre.<br \/>\nLeur \u00e9tude stylistique et technique confirme les premi\u00e8res datations, celle du dernier quart du XIIe si\u00e8cle.\u00a0\u00bb<\/p>\n<p>Eve Duperray, conservateur d\u00e9partemental en chef du patrimoine[\/vc_column_text][vc_empty_space height=\u00a0\u00bb35px\u00a0\u00bb][vc_empty_space height=\u00a0\u00bb35px\u00a0\u00bb]<div class=\"edgtf-separator-holder clearfix  edgtf-separator-left\">\n\t<div class=\"edgtf-separator\" style=\"border-color: #e7e7e7;width: 100%;border-bottom-width: 2px\"><\/div>\n<\/div>\n\t\t<\/div>\n\t<\/div>\n\t<\/div><\/div>[\/vc_column][vc_column offset=\u00a0\u00bbvc_col-lg-4 vc_col-md-12 vc_col-xs-12&Prime;]<div class=\"edgtf-elements-holder edgtf-responsive-mode-768\" ><div class=\"edgtf-elements-holder-item \" data-item-class=\"edgtf-elements-holder-custom-513000\" data-1280-1600=\"2% 2% 2% 2%\" data-1024-1280=\"2% 2% 2% 2%\" data-768-1024=\"2% 2% 2% 2%\" data-600-768=\"2% 2% 2% 2%\" data-480-600=\"2% 2% 2% 2%\" data-480=\"2% 2% 2% 2%\" >\n\t\t<div class=\"edgtf-elements-holder-item-inner\">\n\t\t<div class=\"edgtf-elements-holder-item-content edgtf-elements-holder-custom-513000\" style=\"padding: 2% 2% 2% 2%\">\n\t\t\t<h3 class=\"edgtf-title-with-number\" >\n\t<span class=\"edgtf-twn-number\">03<\/span>Technique mixte<\/h3>[vc_empty_space height=\u00a0\u00bb35px\u00a0\u00bb][vc_column_text]D&rsquo;apr\u00e8s le rapport de Brice Moulinier r\u00e9alis\u00e9 en 2009, les peintures sont con\u00e7ues suivant la technique \u00e0 \u00ab fresque \u00bb. Les surfaces d\u2019enduits frais \u00e9taient peintes avec des pigments trait\u00e9s \u00e0 l\u2019eau, \u00ab en un jour \u00bb et sont donc appel\u00e9es \u00ab journ\u00e9es \u00bb ou \u00abgiornate\u00bb en italien. Ces \u00abjourn\u00e9es\u00bb se distinguent par les raccords encore visibles aujourd\u2019hui. La surface de chaque \u00ab\u00a0journ\u00e9e\u00a0\u00bb est importante, avec un registre de pr\u00e8s de deux m\u00e8tres de hauteur sur plus de cinq de large. Il en d\u00e9coule que la finition de la \u00abjourn\u00e9e\u00bb devait se faire sur un enduit sec, \u00e0 la \u00abd\u00e9trempe\u00bb. C\u2019est ce que l\u2019on appelle la technique mixte.[\/vc_column_text][vc_empty_space height=\u00a0\u00bb30px\u00a0\u00bb][vc_empty_space height=\u00a0\u00bb30px\u00a0\u00bb][vc_column_text]Nous pouvons encore voir aujourd\u2019hui par endroit les dessins pr\u00e9paratoires. Les couleurs utilis\u00e9es sont bien s\u00fbr les ocres du brun au jaune, en passant par des rouges \u00e9clatants. Mais on trouve \u00e9galement du blanc, du vert et du gris bleut\u00e9.<br \/>\nD\u00e8s 2009, Brice Moulinier ne peut que constater l\u2019\u00e9tat de conservation tr\u00e8s m\u00e9diocre de ces peintures romanes. Mais il constate \u00e9galement que seulement 30% des d\u00e9cors peints sont alors mis \u00e0 jour.<br \/>\nCe qui ne peut qu\u2019encourager <em>Les amis de Notre-Dame de Beauvoir<\/em> \u00e0 continuer l\u2019aventure.[\/vc_column_text]\t\t<\/div>\n\t<\/div>\n\t<\/div><\/div>[\/vc_column][\/vc_row][vc_row][vc_column]<div class=\"edgtf-image-gallery\">\n\t<div class=\"edgtf-image-gallery-grid edgtf-gallery-columns-2 \" >\n\t\t\t\t\t<div class=\"edgtf-gallery-image\">\n\t\t\t\t\t\t\t\t<a itemprop=\"url\" href=\"https:\/\/amisnotredamedebeauvoir.com\/wp-content\/uploads\/2023\/02\/DSC2077-Modifier-Modifier-2.jpg\" data-rel=\"prettyPhoto[single_pretty_photo]\" title=\"L&rsquo;entr\u00e9e \u00e0 J\u00e9rusalem\">\n\t\t\t\t\t\t\t\t\t\t\t\t\t\t\t\t<img src=\"https:\/\/amisnotredamedebeauvoir.com\/wp-content\/uploads\/2023\/02\/DSC2077-Modifier-Modifier-2-500x316.jpg\" alt=\"\" width=\"500\" height=\"316\" \/>\t\t\t\t\t\t\t\t\t\t\t\t\t\t<\/a>\n\t\t\t\t\t\t<\/div>\n\t\t\t\t\t<div class=\"edgtf-gallery-image\">\n\t\t\t\t\t\t\t\t<a itemprop=\"url\" href=\"https:\/\/amisnotredamedebeauvoir.com\/wp-content\/uploads\/2023\/02\/Saint-Michel-et-lelu-scaled.jpg\" data-rel=\"prettyPhoto[single_pretty_photo]\" title=\"Saint Michel et l&rsquo;e\u0301lu\">\n\t\t\t\t\t\t\t\t\t\t\t\t\t\t\t\t<img src=\"https:\/\/amisnotredamedebeauvoir.com\/wp-content\/uploads\/2023\/02\/Saint-Michel-et-lelu-scaled-500x316.jpg\" alt=\"\" width=\"500\" height=\"316\" \/>\t\t\t\t\t\t\t\t\t\t\t\t\t\t<\/a>\n\t\t\t\t\t\t<\/div>\n\t\t\t\t\t<div class=\"edgtf-gallery-image\">\n\t\t\t\t\t\t\t\t<a itemprop=\"url\" href=\"https:\/\/amisnotredamedebeauvoir.com\/wp-content\/uploads\/2023\/02\/4.jpg\" data-rel=\"prettyPhoto[single_pretty_photo]\" title=\"Architecture\">\n\t\t\t\t\t\t\t\t\t\t\t\t\t\t\t\t<img src=\"https:\/\/amisnotredamedebeauvoir.com\/wp-content\/uploads\/2023\/02\/4-500x316.jpg\" alt=\"\" width=\"500\" height=\"316\" \/>\t\t\t\t\t\t\t\t\t\t\t\t\t\t<\/a>\n\t\t\t\t\t\t<\/div>\n\t\t\t\t\t<div class=\"edgtf-gallery-image\">\n\t\t\t\t\t\t\t\t<a itemprop=\"url\" href=\"https:\/\/amisnotredamedebeauvoir.com\/wp-content\/uploads\/2023\/02\/5.jpg\" data-rel=\"prettyPhoto[single_pretty_photo]\" title=\"Frise et aur\u00e9ole du Christ\">\n\t\t\t\t\t\t\t\t\t\t\t\t\t\t\t\t<img src=\"https:\/\/amisnotredamedebeauvoir.com\/wp-content\/uploads\/2023\/02\/5-500x316.jpg\" alt=\"\" width=\"500\" height=\"316\" \/>\t\t\t\t\t\t\t\t\t\t\t\t\t\t<\/a>\n\t\t\t\t\t\t<\/div>\n\t\t\t\t\t<div class=\"edgtf-gallery-image\">\n\t\t\t\t\t\t\t\t<a itemprop=\"url\" href=\"https:\/\/amisnotredamedebeauvoir.com\/wp-content\/uploads\/2023\/02\/2-1.jpg\" data-rel=\"prettyPhoto[single_pretty_photo]\" title=\"saint Michel et ses ailes\">\n\t\t\t\t\t\t\t\t\t\t\t\t\t\t\t\t<img src=\"https:\/\/amisnotredamedebeauvoir.com\/wp-content\/uploads\/2023\/02\/2-1-500x316.jpg\" alt=\"\" width=\"500\" height=\"316\" \/>\t\t\t\t\t\t\t\t\t\t\t\t\t\t<\/a>\n\t\t\t\t\t\t<\/div>\n\t\t\t\t\t<div class=\"edgtf-gallery-image\">\n\t\t\t\t\t\t\t\t<a itemprop=\"url\" href=\"https:\/\/amisnotredamedebeauvoir.com\/wp-content\/uploads\/2023\/02\/3-2.jpg\" data-rel=\"prettyPhoto[single_pretty_photo]\" title=\"D\u00e9tail d&rsquo;un ap\u00f4tre\">\n\t\t\t\t\t\t\t\t\t\t\t\t\t\t\t\t<img src=\"https:\/\/amisnotredamedebeauvoir.com\/wp-content\/uploads\/2023\/02\/3-2-500x316.jpg\" alt=\"\" width=\"500\" height=\"316\" \/>\t\t\t\t\t\t\t\t\t\t\t\t\t\t<\/a>\n\t\t\t\t\t\t<\/div>\n\t\t\t<\/div>\n<\/div>[\/vc_column][\/vc_row]<\/p>\n","protected":false},"excerpt":{"rendered":"<p>[vc_row content_width=\u00a0\u00bbgrid\u00a0\u00bb css=\u00a0\u00bb.vc_custom_1490864332827{padding-bottom: 100px !important;background-image: url(https:\/\/goodwish.qodeinteractive.com\/wp-content\/uploads\/2017\/03\/page-img-about-1.jpg?id=13912) !important;background-position: center !important;background-repeat: no-repeat !important;background-size: cover !important;}\u00a0\u00bb][vc_column offset=\u00a0\u00bbvc_col-lg-4 vc_col-md-12 vc_col-xs-12&Prime;][\/vc_column][vc_column offset=\u00a0\u00bbvc_col-lg-4 vc_col-md-12 vc_col-xs-12&Prime;][\/vc_column][vc_column offset=\u00a0\u00bbvc_col-lg-4 vc_col-md-12 vc_col-xs-12&Prime;][\/vc_column][\/vc_row][vc_row][vc_column][\/vc_column][\/vc_row]<\/p>\n","protected":false},"author":1,"featured_media":0,"parent":0,"menu_order":0,"comment_status":"closed","ping_status":"closed","template":"","meta":[],"_links":{"self":[{"href":"https:\/\/amisnotredamedebeauvoir.com\/index.php\/wp-json\/wp\/v2\/pages\/20381"}],"collection":[{"href":"https:\/\/amisnotredamedebeauvoir.com\/index.php\/wp-json\/wp\/v2\/pages"}],"about":[{"href":"https:\/\/amisnotredamedebeauvoir.com\/index.php\/wp-json\/wp\/v2\/types\/page"}],"author":[{"embeddable":true,"href":"https:\/\/amisnotredamedebeauvoir.com\/index.php\/wp-json\/wp\/v2\/users\/1"}],"replies":[{"embeddable":true,"href":"https:\/\/amisnotredamedebeauvoir.com\/index.php\/wp-json\/wp\/v2\/comments?post=20381"}],"version-history":[{"count":47,"href":"https:\/\/amisnotredamedebeauvoir.com\/index.php\/wp-json\/wp\/v2\/pages\/20381\/revisions"}],"predecessor-version":[{"id":21089,"href":"https:\/\/amisnotredamedebeauvoir.com\/index.php\/wp-json\/wp\/v2\/pages\/20381\/revisions\/21089"}],"wp:attachment":[{"href":"https:\/\/amisnotredamedebeauvoir.com\/index.php\/wp-json\/wp\/v2\/media?parent=20381"}],"curies":[{"name":"wp","href":"https:\/\/api.w.org\/{rel}","templated":true}]}}