
{"id":20336,"date":"2023-02-09T14:51:12","date_gmt":"2023-02-09T13:51:12","guid":{"rendered":"http:\/\/hojfltm.cluster031.hosting.ovh.net\/?page_id=20336"},"modified":"2023-03-10T09:03:06","modified_gmt":"2023-03-10T08:03:06","slug":"la-chapelle","status":"publish","type":"page","link":"https:\/\/amisnotredamedebeauvoir.com\/index.php\/la-chapelle\/","title":{"rendered":"La chapelle"},"content":{"rendered":"<p>[vc_row][vc_column][vc_column_text]<p>[\/vc_column_text][\/vc_column][\/vc_row][vc_row][vc_column]<div class=\"edgtf-elements-holder edgtf-three-columns edgtf-responsive-mode-1024\" style=\"background-color:#f6f4ee;\"><div class=\"edgtf-elements-holder-item edgtf-vertical-alignment-top\" data-item-class=\"edgtf-elements-holder-custom-983919\" data-1280-1600=\"19% 40px 16% 50px\" data-1024-1280=\"19% 6% 16% 10%\" data-768-1024=\"18% 24% 16.5% 24%\" data-600-768=\"19% 15% 17% 15%\" data-480=\"25% 6% 20% 10%\" style=\"background-color: rgba(141,198,63,0.72)\">\n\t\t\t<a class=\"edgtf-elements-holder-item-link\" href=\"#\" target=\"_self\"><\/a>\n\t\t<div class=\"edgtf-elements-holder-item-inner\">\n\t\t<div class=\"edgtf-elements-holder-item-content edgtf-elements-holder-custom-983919\" style=\"padding: 19% 20px 17% 30px\">\n\t\t\t[vc_column_text]<\/p>\n<h2><span style=\"color: #494949;\">D\u00e9couverte des fresques<br \/><\/span><\/h2>\n<p>[\/vc_column_text][vc_empty_space height=\u00a0\u00bb35px\u00a0\u00bb][vc_column_text]<\/p>\n<p><span style=\"color: #494949;\">Les Amis de Notre-Dame de Beauvoir mettent tout en \u0153uvre depuis 2002 pour sauvegarder la chapelle. Et c&rsquo;est fortuitement que sont d\u00e9couvertes d&rsquo;incroyables peintures murales, lors d&rsquo;un chantier de restauration.<\/span><\/p>\n<p>[\/vc_column_text][vc_empty_space]<a itemprop=\"url\" href=\"index.php\/decouverte-des-fresques\/\" target=\"_self\" style=\"color: #494949;background-color: #ffffff;border-color: #ffffff;font-size: 15px;font-weight: 600\" class=\"edgtf-btn edgtf-btn-medium edgtf-btn-solid edgtf-btn-custom-hover-bg edgtf-btn-custom-border-hover edgtf-btn-custom-hover-color\" data-hover-bg-color=\"#ffb422\" data-hover-color=\"#ffffff\" data-hover-border-color=\"#ffb422\" >\n\t<span class=\"edgtf-btn-text\">Lire plus<\/span>\n    <span aria-hidden=\"true\" class=\"edgtf-icon-font-elegant  \" ><\/span><\/a>\t\t<\/div>\n\t<\/div>\n\t<\/div><div class=\"edgtf-elements-holder-item \" data-item-class=\"edgtf-elements-holder-custom-473143\" data-768-1024=\"29.5% 0 29.5% 0\" data-600-768=\"34% 0 34% 0\" data-480=\"61% 0 60% 0\" style=\"background-image: url(https:\/\/amisnotredamedebeauvoir.com\/wp-content\/uploads\/2023\/02\/IMG_20221116_152959_resized_20221121_074558152-2.jpg)\">\n\t\t\t<a class=\"edgtf-elements-holder-item-link\" href=\"#\" target=\"_self\"><\/a>\n\t\t<div class=\"edgtf-elements-holder-item-inner\">\n\t\t<div class=\"edgtf-elements-holder-item-content edgtf-elements-holder-custom-473143\" style=\"padding: 0 0 0 0\">\n\t\t\t\t\t<\/div>\n\t<\/div>\n\t<\/div><div class=\"edgtf-elements-holder-item \" data-item-class=\"edgtf-elements-holder-custom-858970\" data-1280-1600=\"19% 40px 16% 50px\" data-1024-1280=\"19% 6% 16% 10%\" data-768-1024=\"18% 24% 16.5% 24%\" data-600-768=\"19% 15% 17% 15%\" data-480=\"25% 6% 20% 10%\" style=\"background-color: #fcbf48\">\n\t\t\t<a class=\"edgtf-elements-holder-item-link\" href=\"#\" target=\"_self\"><\/a>\n\t\t<div class=\"edgtf-elements-holder-item-inner\">\n\t\t<div class=\"edgtf-elements-holder-item-content edgtf-elements-holder-custom-858970\" style=\"padding: 19% 40px 17% 60px\">\n\t\t\t[vc_column_text]<\/p>\n<h2><span style=\"color: #494949;\">Histoire de la chapelle<br \/><\/span><\/h2>\n<p>[\/vc_column_text][vc_empty_space height=\u00a0\u00bb35px\u00a0\u00bb][vc_column_text]<\/p>\n<p><span style=\"color: #494949;\">La chapelle Notre-Dame de Beauvoir existait d\u00e9j\u00e0 \u00e0 la fin du XI\u00e8 si\u00e8cle. Plus simple que celle que nous pouvons admirer aujourd&rsquo;hui, transform\u00e9e \u00e0 de nombreuses reprises, elle n&rsquo;en a pas moins travers\u00e9 plus d&rsquo;un millier d&rsquo;ann\u00e9es.<br \/><\/span><\/p>\n<p>[\/vc_column_text][vc_empty_space]<a itemprop=\"url\" href=\"index.php\/histoire-de-la-chapelle\/\" target=\"_self\" style=\"color: #494949;background-color: #ffffff;border-color: #ffffff;font-size: 15px;font-weight: 600\" class=\"edgtf-btn edgtf-btn-medium edgtf-btn-solid edgtf-btn-custom-hover-bg edgtf-btn-custom-border-hover edgtf-btn-custom-hover-color\" data-hover-bg-color=\"#f0f0f0\" data-hover-color=\"#212121\" data-hover-border-color=\"#f0f0f0\" >\n\t<span class=\"edgtf-btn-text\">Lire plus<\/span>\n    <span aria-hidden=\"true\" class=\"edgtf-icon-font-elegant  \" ><\/span><\/a>\t\t<\/div>\n\t<\/div>\n\t<\/div><\/div>[\/vc_column][\/vc_row][vc_row][vc_column][vc_column_text]<\/p>\n\r\n<p><p>[\/vc_column_text][\/vc_column][\/vc_row][vc_row][vc_column]<div class=\"edgtf-elements-holder edgtf-three-columns edgtf-responsive-mode-1024\" ><div class=\"edgtf-elements-holder-item \" data-item-class=\"edgtf-elements-holder-custom-570054\" data-768-1024=\"29.5% 0 29.5% 0\" data-600-768=\"34% 0 34% 0\" data-480=\"61% 0 60% 0\" style=\"background-image: url(https:\/\/amisnotredamedebeauvoir.com\/wp-content\/uploads\/2023\/02\/BDP-ME-03-F-2.jpg)\">\n\t\t\t<a class=\"edgtf-elements-holder-item-link\" href=\"#\" target=\"_self\"><\/a>\n\t\t<div class=\"edgtf-elements-holder-item-inner\">\n\t\t<div class=\"edgtf-elements-holder-item-content edgtf-elements-holder-custom-570054\" style=\"padding: 0 0 0 0\">\n\t\t\t\t\t<\/div>\n\t<\/div>\n\t<\/div><div class=\"edgtf-elements-holder-item \" data-item-class=\"edgtf-elements-holder-custom-974214\" data-1280-1600=\"19% 40px 16% 50px\" data-1024-1280=\"19% 6% 16% 10%\" data-768-1024=\"18% 24% 16.5% 24%\" data-600-768=\"19% 15% 17% 15%\" data-480=\"25% 6% 20% 10%\" style=\"background-color: #f6f4ee;background-image: url()\">\n\t\t\t<a class=\"edgtf-elements-holder-item-link\" href=\"#\" target=\"_self\"><\/a>\n\t\t<div class=\"edgtf-elements-holder-item-inner\">\n\t\t<div class=\"edgtf-elements-holder-item-content edgtf-elements-holder-custom-974214\" style=\"padding: 19% 40px 17% 60px\">\n\t\t\t[vc_column_text]<\/p>\n<h2><span style=\"color: #494949;\">Beaumont et le Pays d&rsquo;Aigues<br \/><\/span><\/h2>\n<p>[\/vc_column_text][vc_empty_space height=\u00a0\u00bb46px\u00a0\u00bb][vc_column_text]<\/p>\n<p><span style=\"color: #494949;\">Cern\u00e9 de rempart pour prot\u00e9ger le seigneur et son ch\u00e2teau, Beaumont-de-Pertuis avait tout d&rsquo;un village m\u00e9di\u00e9val. Au XIII\u00e8 si\u00e8cle, il atteindra son pic de population avec 1200 \u00e2mes. Guerres, \u00e9pid\u00e9mies, tremblements de terre le traverseront comme ce fut le cas dans tout le Pays d&rsquo;Aigues.<br \/><\/span><\/p>\n<p>[\/vc_column_text][vc_empty_space]<a itemprop=\"url\" href=\"index.php\/beaumont-et-le-pays-daigues\/\" target=\"_self\" style=\"color: #ffffff;background-color: #494949;border-color: #212121;font-size: 15px;font-weight: 600\" class=\"edgtf-btn edgtf-btn-medium edgtf-btn-solid edgtf-btn-custom-hover-bg edgtf-btn-custom-border-hover edgtf-btn-custom-hover-color\" data-hover-bg-color=\"#ffb422\" data-hover-color=\"#ffffff\" data-hover-border-color=\"#ffb422\" >\n\t<span class=\"edgtf-btn-text\">Lire plus<\/span>\n    <span aria-hidden=\"true\" class=\"edgtf-icon-font-elegant  \" ><\/span><\/a>\t\t<\/div>\n\t<\/div>\n\t<\/div><div class=\"edgtf-elements-holder-item \" data-item-class=\"edgtf-elements-holder-custom-888496\" data-768-1024=\"29.5% 0 29.5% 0\" data-600-768=\"34% 0 34% 0\" data-480=\"61% 0 60% 0\" style=\"background-image: url(https:\/\/amisnotredamedebeauvoir.com\/wp-content\/uploads\/2023\/02\/BDP-D-MN-D-11_02-scaled.jpg)\">\n\t\t\t<a class=\"edgtf-elements-holder-item-link\" href=\"#\" target=\"_self\"><\/a>\n\t\t<div class=\"edgtf-elements-holder-item-inner\">\n\t\t<div class=\"edgtf-elements-holder-item-content edgtf-elements-holder-custom-888496\" style=\"padding: 0 0 0 0\">\n\t\t\t\t\t<\/div>\n\t<\/div>\n\t<\/div><\/div>[\/vc_column][\/vc_row][vc_row][vc_column][vc_column_text]<\/p>\n<p>\n[\/vc_column_text][\/vc_column][\/vc_row]<\/p>","protected":false},"excerpt":{"rendered":"<p>[vc_row][vc_column][vc_column_text] [\/vc_column_text][\/vc_column][\/vc_row]<\/p>\n","protected":false},"author":1,"featured_media":0,"parent":0,"menu_order":0,"comment_status":"closed","ping_status":"closed","template":"","meta":[],"_links":{"self":[{"href":"https:\/\/amisnotredamedebeauvoir.com\/index.php\/wp-json\/wp\/v2\/pages\/20336"}],"collection":[{"href":"https:\/\/amisnotredamedebeauvoir.com\/index.php\/wp-json\/wp\/v2\/pages"}],"about":[{"href":"https:\/\/amisnotredamedebeauvoir.com\/index.php\/wp-json\/wp\/v2\/types\/page"}],"author":[{"embeddable":true,"href":"https:\/\/amisnotredamedebeauvoir.com\/index.php\/wp-json\/wp\/v2\/users\/1"}],"replies":[{"embeddable":true,"href":"https:\/\/amisnotredamedebeauvoir.com\/index.php\/wp-json\/wp\/v2\/comments?post=20336"}],"version-history":[{"count":44,"href":"https:\/\/amisnotredamedebeauvoir.com\/index.php\/wp-json\/wp\/v2\/pages\/20336\/revisions"}],"predecessor-version":[{"id":20874,"href":"https:\/\/amisnotredamedebeauvoir.com\/index.php\/wp-json\/wp\/v2\/pages\/20336\/revisions\/20874"}],"wp:attachment":[{"href":"https:\/\/amisnotredamedebeauvoir.com\/index.php\/wp-json\/wp\/v2\/media?parent=20336"}],"curies":[{"name":"wp","href":"https:\/\/api.w.org\/{rel}","templated":true}]}}