
{"id":16334,"date":"2023-04-12T00:00:46","date_gmt":"2023-04-11T22:00:46","guid":{"rendered":"https:\/\/goodwish.qodeinteractive.com\/?page_id=16334"},"modified":"2025-06-19T11:07:14","modified_gmt":"2025-06-19T09:07:14","slug":"liste-des-evenements","status":"publish","type":"page","link":"https:\/\/amisnotredamedebeauvoir.com\/index.php\/liste-des-evenements\/","title":{"rendered":"Liste des \u00e9v\u00e8nements"},"content":{"rendered":"\t\t<div data-elementor-type=\"wp-page\" data-elementor-id=\"16334\" class=\"elementor elementor-16334\">\n\t\t\t\t\t\t\t\t\t<section class=\"elementor-section elementor-top-section elementor-element elementor-element-76d4fca elementor-section-boxed elementor-section-height-default elementor-section-height-default edgtf-elementor-container-no edgtf-section edgtf-parallax-section-holder-touch-disabled edgtf-parallax-section-no\" data-id=\"76d4fca\" data-element_type=\"section\">\n\t\t\t\t\t\t<div class=\"elementor-container elementor-column-gap-default\">\n\t\t\t\t\t<div class=\"elementor-column elementor-col-100 elementor-top-column elementor-element elementor-element-ceacc21\" data-id=\"ceacc21\" data-element_type=\"column\">\n\t\t\t<div class=\"elementor-widget-wrap elementor-element-populated\">\n\t\t\t\t\t\t\t\t<div class=\"elementor-element elementor-element-8ca084a elementor-widget elementor-widget-edgtf_event_list\" data-id=\"8ca084a\" data-element_type=\"widget\" data-widget_type=\"edgtf_event_list.default\">\n\t\t\t\t<div class=\"elementor-widget-container\">\n\t\t\t<div class=\"edgtf-event-list-holder edgtf-event-list-standard edgtf-event-list-show-more edgtf-event-list-load-button edgtf-event-list-col-3\" data-next-page= \"2\" data-type= \"standard\" data-columns= \"3\" data-order-by= \"start-date\" data-order= \"DESC\" data-event-status= \"all\" data-number= \"3\" data-image-size= \"original\" data-show-more= \"load_more\" data-title-tag= \"h3\" data-max-num-pages = 8><div class=\"edgtf-event-list-holder-inner\" style=\"background-color: \"><div class=\"edgtf-el-item edgtf-el-item-odd\">\n\t<div class=\"edgtf-el-item-inner\">\n\t\t<div class=\"edgtf-el-item-inner-holder\">\n\t\t\t<div class=\"edgtf-el-item-image\">\n\t\t\t\t<a href=\"https:\/\/amisnotredamedebeauvoir.com\/index.php\/event\/conference\/\">\n\t\t\t\t\t<img width=\"785\" height=\"1099\" src=\"https:\/\/amisnotredamedebeauvoir.com\/wp-content\/uploads\/2026\/01\/Vaudois-24-01-2026-BDP.jpg\" class=\"attachment-full size-full wp-post-image\" alt=\"\" decoding=\"async\" loading=\"lazy\" srcset=\"https:\/\/amisnotredamedebeauvoir.com\/wp-content\/uploads\/2026\/01\/Vaudois-24-01-2026-BDP.jpg 785w, https:\/\/amisnotredamedebeauvoir.com\/wp-content\/uploads\/2026\/01\/Vaudois-24-01-2026-BDP-214x300.jpg 214w, https:\/\/amisnotredamedebeauvoir.com\/wp-content\/uploads\/2026\/01\/Vaudois-24-01-2026-BDP-731x1024.jpg 731w, https:\/\/amisnotredamedebeauvoir.com\/wp-content\/uploads\/2026\/01\/Vaudois-24-01-2026-BDP-768x1075.jpg 768w, https:\/\/amisnotredamedebeauvoir.com\/wp-content\/uploads\/2026\/01\/Vaudois-24-01-2026-BDP-600x840.jpg 600w\" sizes=\"(max-width: 785px) 100vw, 785px\" \/>\t\t\t\t<\/a>\n\t\t\t<\/div>\n\t\t\t\t\t\t\t<div class=\"edgtf-el-item-date\">\n\t\t\t\t\t<span class=\"edgtf-el-item-day\">24<\/span>\n\t\t\t\t\t<div class=\"edgtf-el-item-my\">\n\t\t\t\t\t\t<span class=\"edgtf-el-item-month\">Jan<\/span>\n\t\t\t\t\t<\/div>\n\t\t\t\t<\/div>\n\t\t\t\t\t\t<div class=\"edgtf-el-item-content\" >\n\t\t\t\t<div class=\"edgtf-el-item-location-title-holder\">\n\t\t\t\t\t<h3 class=\"edgtf-el-item-title\">\n\t\t\t\t\t\t<a href=\"https:\/\/amisnotredamedebeauvoir.com\/index.php\/event\/conference\/\"> \n\t\t\t\t\t\t\tCONF\u00c9RENCE SUR LES VAUDOIS\t\t\t\t\t\t<\/a>\n\t\t\t\t\t<\/h3>\n\t\t\t\t\t\t\t\t\t    \t\t\t\t        <div class=\"edgtf-el-item-location\">\n\t\t\t\t            <span>Salle G.Br\u00e9mond<\/span>\n\t\t\t\t        <\/div>\n\t\t\t        \t\t\t        <div class=\"edgtf-el-read-more-link\">\n\t\t\t        \t<a href=\"https:\/\/amisnotredamedebeauvoir.com\/index.php\/event\/conference\/\">Lire plus<\/a>\n\t\t\t        <\/div>\n\t\t\t\t<\/div>\n\t\t\t<\/div>\n\t\t<\/div>\n\t<\/div>\n<\/div><div class=\"edgtf-el-item edgtf-el-item-even\">\n\t<div class=\"edgtf-el-item-inner\">\n\t\t<div class=\"edgtf-el-item-inner-holder\">\n\t\t\t<div class=\"edgtf-el-item-image\">\n\t\t\t\t<a href=\"https:\/\/amisnotredamedebeauvoir.com\/index.php\/event\/assemblee-generale-2026\/\">\n\t\t\t\t\t<img width=\"2560\" height=\"1440\" src=\"https:\/\/amisnotredamedebeauvoir.com\/wp-content\/uploads\/2026\/01\/Assemblee-generale-Ordinaire-Les-Amis-de-ND-de-Beauvoir-24-01-26-4-pdf.jpg\" class=\"attachment-full size-full wp-post-image\" alt=\"\" decoding=\"async\" loading=\"lazy\" \/>\t\t\t\t<\/a>\n\t\t\t<\/div>\n\t\t\t\t\t\t\t<div class=\"edgtf-el-item-date\">\n\t\t\t\t\t<span class=\"edgtf-el-item-day\">24<\/span>\n\t\t\t\t\t<div class=\"edgtf-el-item-my\">\n\t\t\t\t\t\t<span class=\"edgtf-el-item-month\">Jan<\/span>\n\t\t\t\t\t<\/div>\n\t\t\t\t<\/div>\n\t\t\t\t\t\t<div class=\"edgtf-el-item-content\" >\n\t\t\t\t<div class=\"edgtf-el-item-location-title-holder\">\n\t\t\t\t\t<h3 class=\"edgtf-el-item-title\">\n\t\t\t\t\t\t<a href=\"https:\/\/amisnotredamedebeauvoir.com\/index.php\/event\/assemblee-generale-2026\/\"> \n\t\t\t\t\t\t\tASSEMBL\u00c9E G\u00c9N\u00c9RALE 2026\t\t\t\t\t\t<\/a>\n\t\t\t\t\t<\/h3>\n\t\t\t\t\t\t\t\t\t   \t\t<div class=\"edgtf-el-item-time\">\n\t\t\t\t            <span>\n\t\t\t\t            \t18:00\t\t\t\t            <\/span>\n\t\t\t\t        <\/div>\n\t\t\t\t    \t\t\t\t    \t\t\t\t        <div class=\"edgtf-el-item-location\">\n\t\t\t\t            <span>Salle G.Br\u00e9mond<\/span>\n\t\t\t\t        <\/div>\n\t\t\t        \t\t\t        <div class=\"edgtf-el-read-more-link\">\n\t\t\t        \t<a href=\"https:\/\/amisnotredamedebeauvoir.com\/index.php\/event\/assemblee-generale-2026\/\">Lire plus<\/a>\n\t\t\t        <\/div>\n\t\t\t\t<\/div>\n\t\t\t<\/div>\n\t\t<\/div>\n\t<\/div>\n<\/div><div class=\"edgtf-el-item edgtf-el-item-odd\">\n\t<div class=\"edgtf-el-item-inner\">\n\t\t<div class=\"edgtf-el-item-inner-holder\">\n\t\t\t<div class=\"edgtf-el-item-image\">\n\t\t\t\t<a href=\"https:\/\/amisnotredamedebeauvoir.com\/index.php\/event\/carolle-gaessler-sur-facebook\/\">\n\t\t\t\t\t\t\t\t\t<\/a>\n\t\t\t<\/div>\n\t\t\t\t\t\t\t<div class=\"edgtf-el-item-date\">\n\t\t\t\t\t<span class=\"edgtf-el-item-day\">08<\/span>\n\t\t\t\t\t<div class=\"edgtf-el-item-my\">\n\t\t\t\t\t\t<span class=\"edgtf-el-item-month\">D\u00e9c<\/span>\n\t\t\t\t\t<\/div>\n\t\t\t\t<\/div>\n\t\t\t\t\t\t<div class=\"edgtf-el-item-content\" >\n\t\t\t\t<div class=\"edgtf-el-item-location-title-holder\">\n\t\t\t\t\t<h3 class=\"edgtf-el-item-title\">\n\t\t\t\t\t\t<a href=\"https:\/\/amisnotredamedebeauvoir.com\/index.php\/event\/carolle-gaessler-sur-facebook\/\"> \n\t\t\t\t\t\t\tCAROLE GAESSLER SUR FACEBOOK\t\t\t\t\t\t<\/a>\n\t\t\t\t\t<\/h3>\n\t\t\t\t\t\t\t\t\t    \t\t\t        <div class=\"edgtf-el-read-more-link\">\n\t\t\t        \t<a href=\"https:\/\/amisnotredamedebeauvoir.com\/index.php\/event\/carolle-gaessler-sur-facebook\/\">Lire plus<\/a>\n\t\t\t        <\/div>\n\t\t\t\t<\/div>\n\t\t\t<\/div>\n\t\t<\/div>\n\t<\/div>\n<\/div><\/div>\t<div class=\"edgtf-el-list-paging\">\n\t\t<span class=\"edgtf-el-list-load-more\">\n\t\t\t<a itemprop=\"url\" href=\"\" target=\"_self\"  class=\"edgtf-btn edgtf-btn-medium edgtf-btn-transparent\"  >\t<span class=\"edgtf-btn-text\">Voir plus<\/span>    <\/a>\t\t<\/span>\n\t<\/div>\n<\/div>\t\t<\/div>\n\t\t\t\t<\/div>\n\t\t\t\t\t<\/div>\n\t\t<\/div>\n\t\t\t\t\t\t\t<\/div>\n\t\t<\/section>\n\t\t\t\t\t\t\t<\/div>\n\t\t","protected":false},"excerpt":{"rendered":"<p>28 Juin CHOEUR AURELIANA &#8211; Eglise Saint-Jean Baptiste Lire plus 03 Mai PUCCINI sa vie, son oeuvre Beaumont de Pertuis Lire plus 01 F\u00e9v LE RETOUR DE C\u00c9ZANNE Salle Gaston Br\u00e9mond Lire plus Voir plus<\/p>\n","protected":false},"author":1,"featured_media":20391,"parent":0,"menu_order":0,"comment_status":"closed","ping_status":"closed","template":"","meta":[],"_links":{"self":[{"href":"https:\/\/amisnotredamedebeauvoir.com\/index.php\/wp-json\/wp\/v2\/pages\/16334"}],"collection":[{"href":"https:\/\/amisnotredamedebeauvoir.com\/index.php\/wp-json\/wp\/v2\/pages"}],"about":[{"href":"https:\/\/amisnotredamedebeauvoir.com\/index.php\/wp-json\/wp\/v2\/types\/page"}],"author":[{"embeddable":true,"href":"https:\/\/amisnotredamedebeauvoir.com\/index.php\/wp-json\/wp\/v2\/users\/1"}],"replies":[{"embeddable":true,"href":"https:\/\/amisnotredamedebeauvoir.com\/index.php\/wp-json\/wp\/v2\/comments?post=16334"}],"version-history":[{"count":34,"href":"https:\/\/amisnotredamedebeauvoir.com\/index.php\/wp-json\/wp\/v2\/pages\/16334\/revisions"}],"predecessor-version":[{"id":22590,"href":"https:\/\/amisnotredamedebeauvoir.com\/index.php\/wp-json\/wp\/v2\/pages\/16334\/revisions\/22590"}],"wp:featuredmedia":[{"embeddable":true,"href":"https:\/\/amisnotredamedebeauvoir.com\/index.php\/wp-json\/wp\/v2\/media\/20391"}],"wp:attachment":[{"href":"https:\/\/amisnotredamedebeauvoir.com\/index.php\/wp-json\/wp\/v2\/media?parent=16334"}],"curies":[{"name":"wp","href":"https:\/\/api.w.org\/{rel}","templated":true}]}}